{"id":113,"date":"2015-10-22T14:34:37","date_gmt":"2015-10-22T14:34:37","guid":{"rendered":"http:\/\/test.kriesi.at\/construction\/?page_id=113"},"modified":"2026-04-24T18:17:17","modified_gmt":"2026-04-24T18:17:17","slug":"cursos-de-conduccion-preventiva","status":"publish","type":"page","link":"https:\/\/cpeccsp.com.ar\/2024\/servicios\/cursos-de-conduccion-preventiva\/","title":{"rendered":"Cursos de conducci\u00f3n preventiva"},"content":{"rendered":"\n<style type=\"text\/css\" data-created_by=\"avia_inline_auto\" id=\"style-css-av-3c1msh-4667bc2e7523d5d2ab2bdcb978eb79b1\">\n#top .flex_column.av-3c1msh-4667bc2e7523d5d2ab2bdcb978eb79b1{\nmargin-top:0px;\nmargin-bottom:0px;\n}\n.flex_column.av-3c1msh-4667bc2e7523d5d2ab2bdcb978eb79b1{\nborder-radius:0px 0px 0px 0px;\npadding:0px 0px 0px 0px;\n}\n.responsive #top #wrap_all .flex_column.av-3c1msh-4667bc2e7523d5d2ab2bdcb978eb79b1{\nmargin-top:0px;\nmargin-bottom:0px;\n}\n<\/style>\n<div  class='flex_column av-3c1msh-4667bc2e7523d5d2ab2bdcb978eb79b1 av_one_full  avia-builder-el-0  el_before_av_one_full  avia-builder-el-first  first flex_column_div av-animated-generic bottom-to-top av-zero-column-padding  '     ><p>\n<style type=\"text\/css\" data-created_by=\"avia_inline_auto\" id=\"style-css-av-34cge9-f28bf4661fd3540bf8e95448b676652b\">\n#top .hr.av-34cge9-f28bf4661fd3540bf8e95448b676652b{\nmargin-top:10px;\nmargin-bottom:10px;\n}\n.hr.av-34cge9-f28bf4661fd3540bf8e95448b676652b .hr-inner{\nwidth:50px;\nborder-color:#efbb20;\n}\n<\/style>\n<div  class='hr av-34cge9-f28bf4661fd3540bf8e95448b676652b hr-custom  avia-builder-el-1  el_before_av_heading  avia-builder-el-first  hr-left hr-icon-no'><span class='hr-inner inner-border-av-border-fat'><span class=\"hr-inner-style\"><\/span><\/span><\/div><br \/>\n\n<style type=\"text\/css\" data-created_by=\"avia_inline_auto\" id=\"style-css-av-36y8xt-d306cc88e511361a0de25b5f714d2c7f\">\n#top .av-special-heading.av-36y8xt-d306cc88e511361a0de25b5f714d2c7f{\npadding-bottom:0;\n}\nbody .av-special-heading.av-36y8xt-d306cc88e511361a0de25b5f714d2c7f .av-special-heading-tag .heading-char{\nfont-size:25px;\n}\n.av-special-heading.av-36y8xt-d306cc88e511361a0de25b5f714d2c7f .av-subheading{\nfont-size:15px;\n}\n<\/style>\n<div  class='av-special-heading av-36y8xt-d306cc88e511361a0de25b5f714d2c7f av-special-heading-h2 meta-heading blockquote modern-quote  avia-builder-el-2  el_after_av_hr  avia-builder-el-last '><h2 class='av-special-heading-tag '  itemprop=\"headline\"  >Capacitaci\u00f3n y Entrenamiento a la Industria:<\/h2><div class=\"special-heading-border\"><div class=\"special-heading-inner-border\"><\/div><\/div><\/div><\/p><\/div>\n<div  class='flex_column av-13gdkp-c89129794ba9e15f3e418f03cff20407 av_one_full  avia-builder-el-3  el_after_av_one_full  el_before_av_one_full  first flex_column_div  column-top-margin'     ><div  class='avia-video av-mapkg6yq-9f679d66734edf8e8f0ca1a00f96919e avia-video-16-9 av-no-preview-image avia-video-load-always avia-video-html5'  itemprop=\"video\" itemtype=\"https:\/\/schema.org\/VideoObject\"  data-original_url='https:\/\/cpeccsp.com.ar\/2024\/wp-content\/uploads\/2025\/05\/promo-flota-liviana.mp4.mp4'><video class='avia_video'  autoplay playsinline  preload=\"auto\" muted controls id='player_113_482014675_172382907'><source src='https:\/\/cpeccsp.com.ar\/2024\/wp-content\/uploads\/2025\/05\/promo-flota-liviana.mp4.mp4' type='video\/mp4' \/><\/video><\/div><\/div>\n\n<style type=\"text\/css\" data-created_by=\"avia_inline_auto\" id=\"style-css-av-1hea8x-f571aa27defc5fcdeaa1bdb1f3f76013\">\n.flex_column.av-1hea8x-f571aa27defc5fcdeaa1bdb1f3f76013{\nborder-radius:0px 0px 0px 0px;\npadding:0px 0px 0px 0px;\n}\n<\/style>\n<div  class='flex_column av-1hea8x-f571aa27defc5fcdeaa1bdb1f3f76013 av_one_full  avia-builder-el-5  el_after_av_one_full  el_before_av_one_full  first flex_column_div av-animated-generic bottom-to-top av-zero-column-padding  column-top-margin'     ><p>\n<style type=\"text\/css\" data-created_by=\"avia_inline_auto\" id=\"style-css-av-18gs69-89fa67f7ca3e2e4b13c731682bd135f8\">\n#top .av-special-heading.av-18gs69-89fa67f7ca3e2e4b13c731682bd135f8{\npadding-bottom:0;\n}\nbody .av-special-heading.av-18gs69-89fa67f7ca3e2e4b13c731682bd135f8 .av-special-heading-tag .heading-char{\nfont-size:25px;\n}\n.av-special-heading.av-18gs69-89fa67f7ca3e2e4b13c731682bd135f8 .av-subheading{\nfont-size:15px;\n}\n<\/style>\n<div  class='av-special-heading av-18gs69-89fa67f7ca3e2e4b13c731682bd135f8 av-special-heading-h2 meta-heading blockquote modern-quote  avia-builder-el-6  el_before_av_hr  avia-builder-el-first '><h2 class='av-special-heading-tag '  itemprop=\"headline\"  >Cursos de conducci\u00f3n preventiva  <\/h2><div class=\"special-heading-border\"><div class=\"special-heading-inner-border\"><\/div><\/div><\/div><br \/>\n\n<style type=\"text\/css\" data-created_by=\"avia_inline_auto\" id=\"style-css-av-13894x-8d0fc28ba5cc89fa2ed4d7611590385e\">\n#top .hr.av-13894x-8d0fc28ba5cc89fa2ed4d7611590385e{\nmargin-top:10px;\nmargin-bottom:10px;\n}\n.hr.av-13894x-8d0fc28ba5cc89fa2ed4d7611590385e .hr-inner{\nwidth:50px;\nborder-color:#efbb20;\n}\n<\/style>\n<div  class='hr av-13894x-8d0fc28ba5cc89fa2ed4d7611590385e hr-custom  avia-builder-el-7  el_after_av_heading  el_before_av_textblock  hr-left hr-icon-no'><span class='hr-inner inner-border-av-border-fat'><span class=\"hr-inner-style\"><\/span><\/span><\/div><br \/>\n\n<style type=\"text\/css\" data-created_by=\"avia_inline_auto\" id=\"style-css-av-w17ip-6b62faad8384203f03dc985de337f206\">\n#top .av_textblock_section.av-w17ip-6b62faad8384203f03dc985de337f206 .avia_textblock{\nfont-size:18px;\n}\n<\/style>\n<section  class='av_textblock_section av-w17ip-6b62faad8384203f03dc985de337f206 '   itemscope=\"itemscope\" itemtype=\"https:\/\/schema.org\/CreativeWork\" ><div class='avia_textblock'  itemprop=\"text\" ><p><span style=\"font-weight: 400;\">Capacitamos a los conductores de Flota Liviana en diferentes suelos, Flota Pesada (camiones r\u00edgidos y articulados) y transporte de personal para minibuses y buses. Contamos con simuladores para los cursos de camiones y gabinetes psicosensom\u00e9tricos para evaluar conductores.\u00a0<\/span><\/p>\n<p style=\"text-align: left;\"><b>OFRECEMOS:<\/b><\/p>\n<p style=\"text-align: left;\"><span style=\"font-weight: 400;\"><em>\u2713 <\/em>Para Pick Up y Veh\u00edculos Livianos (cuatro niveles).<\/span><\/p>\n<p style=\"text-align: left;\"><span style=\"font-weight: 400;\"><em>\u2713 <\/em>Para Transporte de Personal, Buses y Minibuses (un nivel).<\/span><\/p>\n<p style=\"text-align: left;\"><span style=\"font-weight: 400;\"><em>\u2713 <\/em>Para Flota Pesada (r\u00edgidos).<\/span><\/p>\n<p style=\"text-align: left;\"><span style=\"font-weight: 400;\"><em>\u2713 <\/em>Para Flota Pesada (articulados).<\/span><\/p>\n<\/div><\/section><\/p><\/div>\n<style type=\"text\/css\" data-created_by=\"avia_inline_auto\" id=\"style-css-av-ow115-e7f52d11d7b923ec9a34b333c58bb2e3\">\n.flex_column.av-ow115-e7f52d11d7b923ec9a34b333c58bb2e3{\nborder-radius:0px 0px 0px 0px;\npadding:0px 0px 0px 0px;\n}\n<\/style>\n<div  class='flex_column av-ow115-e7f52d11d7b923ec9a34b333c58bb2e3 av_one_full  avia-builder-el-9  el_after_av_one_full  el_before_av_one_full  first flex_column_div av-animated-generic bottom-to-top av-zero-column-padding  column-top-margin'     ><style type=\"text\/css\" data-created_by=\"avia_inline_auto\" id=\"style-css-av-maoghwcv-497f7e4861ed7e432ee1a48329f80904\">\n.avia-accordion.av-maoghwcv-497f7e4861ed7e432ee1a48329f80904{\nmax-height:430px;\n}\n.avia-accordion.av-maoghwcv-497f7e4861ed7e432ee1a48329f80904 .aviaccordion-preview{\nwidth:20.1%;\n}\n.avia-accordion .aviaccordion-slide.av-maoghwcv-497f7e4861ed7e432ee1a48329f80904__0{\nleft:0%;\n}\n.avia-accordion .aviaccordion-slide.av-maoghwcv-497f7e4861ed7e432ee1a48329f80904__1{\nleft:20%;\n}\n.avia-accordion .aviaccordion-slide.av-maoghwcv-497f7e4861ed7e432ee1a48329f80904__2{\nleft:40%;\n}\n.avia-accordion .aviaccordion-slide.av-maoghwcv-497f7e4861ed7e432ee1a48329f80904__3{\nleft:60%;\n}\n.avia-accordion .aviaccordion-slide.av-maoghwcv-497f7e4861ed7e432ee1a48329f80904__4{\nleft:80%;\n}\n<\/style>\n<div  id=\"accordion_slider_1\"  class='aviaccordion avia-accordion av-maoghwcv-497f7e4861ed7e432ee1a48329f80904 aviaccordion-title-active av-slideshow-manual av-loop-once ' data-slideshow-options=\"{&quot;interval&quot;:5,&quot;autoplay&quot;:false,&quot;loop_autoplay&quot;:&quot;once&quot;}\"  itemscope=\"itemscope\" itemtype=\"https:\/\/schema.org\/Blog\" ><ul class=\"aviaccordion-inner\"><li class='aviaccordion-slide av-maoghwcv-497f7e4861ed7e432ee1a48329f80904__0 aviaccordion-slide-1' data-av-left='0'  itemscope=\"itemscope\" itemtype=\"https:\/\/schema.org\/CreativeWork\" ><a class='aviaccordion-slide-link noHover' href=\"https:\/\/cpeccsp.com.ar\/2024\/wp-content\/uploads\/2025\/05\/DSC09534-1030x687.jpg\" data-srcset=\"https:\/\/cpeccsp.com.ar\/2024\/wp-content\/uploads\/2025\/05\/DSC09534-1030x687.jpg 1030w, https:\/\/cpeccsp.com.ar\/2024\/wp-content\/uploads\/2025\/05\/DSC09534-300x200.jpg 300w, https:\/\/cpeccsp.com.ar\/2024\/wp-content\/uploads\/2025\/05\/DSC09534-768x512.jpg 768w, https:\/\/cpeccsp.com.ar\/2024\/wp-content\/uploads\/2025\/05\/DSC09534-1536x1024.jpg 1536w, https:\/\/cpeccsp.com.ar\/2024\/wp-content\/uploads\/2025\/05\/DSC09534-2048x1365.jpg 2048w, https:\/\/cpeccsp.com.ar\/2024\/wp-content\/uploads\/2025\/05\/DSC09534-1500x1000.jpg 1500w, https:\/\/cpeccsp.com.ar\/2024\/wp-content\/uploads\/2025\/05\/DSC09534-705x470.jpg 705w\" data-sizes=\"(max-width: 1030px) 100vw, 1030px\"  title=\"DSC09534\" ><div class='aviaccordion-preview '><\/div><img loading=\"lazy\" decoding=\"async\" width=\"1500\" height=\"430\" src=\"https:\/\/cpeccsp.com.ar\/2024\/wp-content\/uploads\/2025\/05\/DSC09534-1500x430.jpg\" class=\"aviaccordion-image\" alt=\"\" \/><\/a><\/li><li class='aviaccordion-slide av-maoghwcv-497f7e4861ed7e432ee1a48329f80904__1 aviaccordion-slide-2' data-av-left='20'  itemscope=\"itemscope\" itemtype=\"https:\/\/schema.org\/CreativeWork\" ><a class='aviaccordion-slide-link noHover' href=\"https:\/\/cpeccsp.com.ar\/2024\/wp-content\/uploads\/2025\/05\/3-1-1030x464.jpg\" data-srcset=\"https:\/\/cpeccsp.com.ar\/2024\/wp-content\/uploads\/2025\/05\/3-1-1030x464.jpg 1030w, https:\/\/cpeccsp.com.ar\/2024\/wp-content\/uploads\/2025\/05\/3-1-300x135.jpg 300w, https:\/\/cpeccsp.com.ar\/2024\/wp-content\/uploads\/2025\/05\/3-1-768x346.jpg 768w, https:\/\/cpeccsp.com.ar\/2024\/wp-content\/uploads\/2025\/05\/3-1-705x318.jpg 705w, https:\/\/cpeccsp.com.ar\/2024\/wp-content\/uploads\/2025\/05\/3-1.jpg 1156w\" data-sizes=\"(max-width: 1030px) 100vw, 1030px\"  title=\"3 (1)\" ><div class='aviaccordion-preview '><\/div><img loading=\"lazy\" decoding=\"async\" width=\"1156\" height=\"430\" src=\"https:\/\/cpeccsp.com.ar\/2024\/wp-content\/uploads\/2025\/05\/3-1-1156x430.jpg\" class=\"aviaccordion-image\" alt=\"\" \/><\/a><\/li><li class='aviaccordion-slide av-maoghwcv-497f7e4861ed7e432ee1a48329f80904__2 aviaccordion-slide-3' data-av-left='40'  itemscope=\"itemscope\" itemtype=\"https:\/\/schema.org\/CreativeWork\" ><a class='aviaccordion-slide-link noHover' href=\"https:\/\/cpeccsp.com.ar\/2024\/wp-content\/uploads\/2025\/05\/Nivel-1-1030x773.jpg\" data-srcset=\"https:\/\/cpeccsp.com.ar\/2024\/wp-content\/uploads\/2025\/05\/Nivel-1-1030x773.jpg 1030w, https:\/\/cpeccsp.com.ar\/2024\/wp-content\/uploads\/2025\/05\/Nivel-1-300x225.jpg 300w, https:\/\/cpeccsp.com.ar\/2024\/wp-content\/uploads\/2025\/05\/Nivel-1-768x576.jpg 768w, https:\/\/cpeccsp.com.ar\/2024\/wp-content\/uploads\/2025\/05\/Nivel-1-1536x1152.jpg 1536w, https:\/\/cpeccsp.com.ar\/2024\/wp-content\/uploads\/2025\/05\/Nivel-1-2048x1536.jpg 2048w, https:\/\/cpeccsp.com.ar\/2024\/wp-content\/uploads\/2025\/05\/Nivel-1-1500x1125.jpg 1500w, https:\/\/cpeccsp.com.ar\/2024\/wp-content\/uploads\/2025\/05\/Nivel-1-705x529.jpg 705w\" data-sizes=\"(max-width: 1030px) 100vw, 1030px\"  title=\"Nivel 1\" ><div class='aviaccordion-preview '><\/div><img loading=\"lazy\" decoding=\"async\" width=\"1500\" height=\"430\" src=\"https:\/\/cpeccsp.com.ar\/2024\/wp-content\/uploads\/2025\/05\/Nivel-1-1500x430.jpg\" class=\"aviaccordion-image\" alt=\"\" \/><\/a><\/li><li class='aviaccordion-slide av-maoghwcv-497f7e4861ed7e432ee1a48329f80904__3 aviaccordion-slide-4' data-av-left='60'  itemscope=\"itemscope\" itemtype=\"https:\/\/schema.org\/CreativeWork\" ><a class='aviaccordion-slide-link noHover' href=\"https:\/\/cpeccsp.com.ar\/2024\/wp-content\/uploads\/2025\/05\/FL-2-1030x773.jpg\" data-srcset=\"https:\/\/cpeccsp.com.ar\/2024\/wp-content\/uploads\/2025\/05\/FL-2-1030x773.jpg 1030w, https:\/\/cpeccsp.com.ar\/2024\/wp-content\/uploads\/2025\/05\/FL-2-300x225.jpg 300w, https:\/\/cpeccsp.com.ar\/2024\/wp-content\/uploads\/2025\/05\/FL-2-768x576.jpg 768w, https:\/\/cpeccsp.com.ar\/2024\/wp-content\/uploads\/2025\/05\/FL-2-1536x1152.jpg 1536w, https:\/\/cpeccsp.com.ar\/2024\/wp-content\/uploads\/2025\/05\/FL-2-2048x1536.jpg 2048w, https:\/\/cpeccsp.com.ar\/2024\/wp-content\/uploads\/2025\/05\/FL-2-1500x1125.jpg 1500w, https:\/\/cpeccsp.com.ar\/2024\/wp-content\/uploads\/2025\/05\/FL-2-705x529.jpg 705w\" data-sizes=\"(max-width: 1030px) 100vw, 1030px\"  title=\"FL 2\" ><div class='aviaccordion-preview '><\/div><img loading=\"lazy\" decoding=\"async\" width=\"1500\" height=\"430\" src=\"https:\/\/cpeccsp.com.ar\/2024\/wp-content\/uploads\/2025\/05\/FL-2-1500x430.jpg\" class=\"aviaccordion-image\" alt=\"\" \/><\/a><\/li><li class='aviaccordion-slide av-maoghwcv-497f7e4861ed7e432ee1a48329f80904__4 aviaccordion-slide-5' data-av-left='80'  itemscope=\"itemscope\" itemtype=\"https:\/\/schema.org\/CreativeWork\" ><a class='aviaccordion-slide-link noHover' href=\"https:\/\/cpeccsp.com.ar\/2024\/wp-content\/uploads\/2025\/05\/3-2-1030x464.jpg\" data-srcset=\"https:\/\/cpeccsp.com.ar\/2024\/wp-content\/uploads\/2025\/05\/3-2-1030x464.jpg 1030w, https:\/\/cpeccsp.com.ar\/2024\/wp-content\/uploads\/2025\/05\/3-2-300x135.jpg 300w, https:\/\/cpeccsp.com.ar\/2024\/wp-content\/uploads\/2025\/05\/3-2-768x346.jpg 768w, https:\/\/cpeccsp.com.ar\/2024\/wp-content\/uploads\/2025\/05\/3-2-705x318.jpg 705w, https:\/\/cpeccsp.com.ar\/2024\/wp-content\/uploads\/2025\/05\/3-2.jpg 1156w\" data-sizes=\"(max-width: 1030px) 100vw, 1030px\"  title=\"3 (2)\" ><div class='aviaccordion-preview '><\/div><img loading=\"lazy\" decoding=\"async\" width=\"1156\" height=\"430\" src=\"https:\/\/cpeccsp.com.ar\/2024\/wp-content\/uploads\/2025\/05\/3-2-1156x430.jpg\" class=\"aviaccordion-image\" alt=\"\" \/><\/a><\/li><\/ul><div class='aviaccordion-spacer' style='padding-bottom:28.666666666667%'><\/div><\/div><\/div><\/p>\n<div  class='flex_column av-azrrt-8238da0afacd4f2c9f1b5c76b6416b77 av_one_full  avia-builder-el-11  el_after_av_one_full  avia-builder-el-last  first flex_column_div  column-top-margin'     ><div  class='avia-video av-mapkus8r-41f9eb2da4370ca1175db9db10aaa40b avia-video-16-9 av-no-preview-image avia-video-load-always avia-video-html5'  itemprop=\"video\" itemtype=\"https:\/\/schema.org\/VideoObject\"  data-original_url='https:\/\/cpeccsp.com.ar\/2024\/wp-content\/uploads\/2025\/05\/promo-flota-liviana.mp4-3.mp4'><video class='avia_video'    preload=\"auto\"  controls id='player_113_964582611_1919619070'><source src='https:\/\/cpeccsp.com.ar\/2024\/wp-content\/uploads\/2025\/05\/promo-flota-liviana.mp4-3.mp4' type='video\/mp4' \/><\/video><\/div><\/div>\n","protected":false},"excerpt":{"rendered":"","protected":false},"author":2,"featured_media":83,"parent":25,"menu_order":0,"comment_status":"closed","ping_status":"closed","template":"","meta":{"footnotes":""},"class_list":["post-113","page","type-page","status-publish","has-post-thumbnail","hentry"],"yoast_head":"<!-- This site is optimized with the Yoast SEO plugin v27.5 - https:\/\/yoast.com\/product\/yoast-seo-wordpress\/ -->\n<title>Cursos de Conducci\u00f3n Preventiva en Neuqu\u00e9n | Cursos de Manejo<\/title>\n<meta name=\"description\" content=\"Cursos de conducci\u00f3n preventiva para la industria en Neuqu\u00e9n. Capacitaci\u00f3n para flota liviana, pesada y 4x4 con pr\u00e1cticas en distintos escenarios y evaluaci\u00f3n t\u00e9cnica.\" \/>\n<meta name=\"robots\" content=\"index, follow, max-snippet:-1, max-image-preview:large, max-video-preview:-1\" \/>\n<link rel=\"canonical\" href=\"https:\/\/cpeccsp.com.ar\/2024\/servicios\/cursos-de-conduccion-preventiva\/\" \/>\n<meta property=\"og:locale\" content=\"es_ES\" \/>\n<meta property=\"og:type\" content=\"article\" \/>\n<meta property=\"og:title\" content=\"Cursos de Conducci\u00f3n Preventiva en Neuqu\u00e9n | Cursos de Manejo\" \/>\n<meta property=\"og:description\" content=\"Cursos de conducci\u00f3n preventiva para la industria en Neuqu\u00e9n. Capacitaci\u00f3n para flota liviana, pesada y 4x4 con pr\u00e1cticas en distintos escenarios y evaluaci\u00f3n t\u00e9cnica.\" \/>\n<meta property=\"og:url\" content=\"https:\/\/cpeccsp.com.ar\/2024\/servicios\/cursos-de-conduccion-preventiva\/\" \/>\n<meta property=\"og:site_name\" content=\"CPEC\" \/>\n<meta property=\"article:modified_time\" content=\"2026-04-24T18:17:17+00:00\" \/>\n<meta property=\"og:image\" content=\"https:\/\/cpeccsp.com.ar\/2024\/wp-content\/uploads\/2015\/10\/scale-ruler-on-blueprints.jpg\" \/>\n\t<meta property=\"og:image:width\" content=\"1732\" \/>\n\t<meta property=\"og:image:height\" content=\"1155\" \/>\n\t<meta property=\"og:image:type\" content=\"image\/jpeg\" \/>\n<meta name=\"twitter:card\" content=\"summary_large_image\" \/>\n<meta name=\"twitter:label1\" content=\"Tiempo de lectura\" \/>\n\t<meta name=\"twitter:data1\" content=\"2 minutos\" \/>\n<script type=\"application\/ld+json\" class=\"yoast-schema-graph\">{\"@context\":\"https:\\\/\\\/schema.org\",\"@graph\":[{\"@type\":\"WebPage\",\"@id\":\"https:\\\/\\\/cpeccsp.com.ar\\\/2024\\\/servicios\\\/cursos-de-conduccion-preventiva\\\/\",\"url\":\"https:\\\/\\\/cpeccsp.com.ar\\\/2024\\\/servicios\\\/cursos-de-conduccion-preventiva\\\/\",\"name\":\"Cursos de Conducci\u00f3n Preventiva en Neuqu\u00e9n | Cursos de Manejo\",\"isPartOf\":{\"@id\":\"https:\\\/\\\/cpeccsp.com.ar\\\/2024\\\/#website\"},\"primaryImageOfPage\":{\"@id\":\"https:\\\/\\\/cpeccsp.com.ar\\\/2024\\\/servicios\\\/cursos-de-conduccion-preventiva\\\/#primaryimage\"},\"image\":{\"@id\":\"https:\\\/\\\/cpeccsp.com.ar\\\/2024\\\/servicios\\\/cursos-de-conduccion-preventiva\\\/#primaryimage\"},\"thumbnailUrl\":\"https:\\\/\\\/cpeccsp.com.ar\\\/2024\\\/wp-content\\\/uploads\\\/2015\\\/10\\\/scale-ruler-on-blueprints.jpg\",\"datePublished\":\"2015-10-22T14:34:37+00:00\",\"dateModified\":\"2026-04-24T18:17:17+00:00\",\"description\":\"Cursos de conducci\u00f3n preventiva para la industria en Neuqu\u00e9n. Capacitaci\u00f3n para flota liviana, pesada y 4x4 con pr\u00e1cticas en distintos escenarios y evaluaci\u00f3n t\u00e9cnica.\",\"breadcrumb\":{\"@id\":\"https:\\\/\\\/cpeccsp.com.ar\\\/2024\\\/servicios\\\/cursos-de-conduccion-preventiva\\\/#breadcrumb\"},\"inLanguage\":\"es\",\"potentialAction\":[{\"@type\":\"ReadAction\",\"target\":[\"https:\\\/\\\/cpeccsp.com.ar\\\/2024\\\/servicios\\\/cursos-de-conduccion-preventiva\\\/\"]}]},{\"@type\":\"ImageObject\",\"inLanguage\":\"es\",\"@id\":\"https:\\\/\\\/cpeccsp.com.ar\\\/2024\\\/servicios\\\/cursos-de-conduccion-preventiva\\\/#primaryimage\",\"url\":\"https:\\\/\\\/cpeccsp.com.ar\\\/2024\\\/wp-content\\\/uploads\\\/2015\\\/10\\\/scale-ruler-on-blueprints.jpg\",\"contentUrl\":\"https:\\\/\\\/cpeccsp.com.ar\\\/2024\\\/wp-content\\\/uploads\\\/2015\\\/10\\\/scale-ruler-on-blueprints.jpg\",\"width\":1732,\"height\":1155,\"caption\":\"Two hands using a scale ruler on a set of blueprints\"},{\"@type\":\"BreadcrumbList\",\"@id\":\"https:\\\/\\\/cpeccsp.com.ar\\\/2024\\\/servicios\\\/cursos-de-conduccion-preventiva\\\/#breadcrumb\",\"itemListElement\":[{\"@type\":\"ListItem\",\"position\":1,\"name\":\"Portada\",\"item\":\"https:\\\/\\\/cpeccsp.com.ar\\\/2024\\\/inicio\\\/\"},{\"@type\":\"ListItem\",\"position\":2,\"name\":\"SERVICIOS\",\"item\":\"https:\\\/\\\/cpeccsp.com.ar\\\/2024\\\/servicios\\\/\"},{\"@type\":\"ListItem\",\"position\":3,\"name\":\"Cursos de conducci\u00f3n preventiva\"}]},{\"@type\":\"WebSite\",\"@id\":\"https:\\\/\\\/cpeccsp.com.ar\\\/2024\\\/#website\",\"url\":\"https:\\\/\\\/cpeccsp.com.ar\\\/2024\\\/\",\"name\":\"CPEC\",\"description\":\"CPEC- L\u00edderes en capacitaciones en seguridad para la cuenca neuquina\",\"potentialAction\":[{\"@type\":\"SearchAction\",\"target\":{\"@type\":\"EntryPoint\",\"urlTemplate\":\"https:\\\/\\\/cpeccsp.com.ar\\\/2024\\\/?s={search_term_string}\"},\"query-input\":{\"@type\":\"PropertyValueSpecification\",\"valueRequired\":true,\"valueName\":\"search_term_string\"}}],\"inLanguage\":\"es\"}]}<\/script>\n<!-- \/ Yoast SEO plugin. -->","yoast_head_json":{"title":"Cursos de Conducci\u00f3n Preventiva en Neuqu\u00e9n | Cursos de Manejo","description":"Cursos de conducci\u00f3n preventiva para la industria en Neuqu\u00e9n. Capacitaci\u00f3n para flota liviana, pesada y 4x4 con pr\u00e1cticas en distintos escenarios y evaluaci\u00f3n t\u00e9cnica.","robots":{"index":"index","follow":"follow","max-snippet":"max-snippet:-1","max-image-preview":"max-image-preview:large","max-video-preview":"max-video-preview:-1"},"canonical":"https:\/\/cpeccsp.com.ar\/2024\/servicios\/cursos-de-conduccion-preventiva\/","og_locale":"es_ES","og_type":"article","og_title":"Cursos de Conducci\u00f3n Preventiva en Neuqu\u00e9n | Cursos de Manejo","og_description":"Cursos de conducci\u00f3n preventiva para la industria en Neuqu\u00e9n. Capacitaci\u00f3n para flota liviana, pesada y 4x4 con pr\u00e1cticas en distintos escenarios y evaluaci\u00f3n t\u00e9cnica.","og_url":"https:\/\/cpeccsp.com.ar\/2024\/servicios\/cursos-de-conduccion-preventiva\/","og_site_name":"CPEC","article_modified_time":"2026-04-24T18:17:17+00:00","og_image":[{"width":1732,"height":1155,"url":"https:\/\/cpeccsp.com.ar\/2024\/wp-content\/uploads\/2015\/10\/scale-ruler-on-blueprints.jpg","type":"image\/jpeg"}],"twitter_card":"summary_large_image","twitter_misc":{"Tiempo de lectura":"2 minutos"},"schema":{"@context":"https:\/\/schema.org","@graph":[{"@type":"WebPage","@id":"https:\/\/cpeccsp.com.ar\/2024\/servicios\/cursos-de-conduccion-preventiva\/","url":"https:\/\/cpeccsp.com.ar\/2024\/servicios\/cursos-de-conduccion-preventiva\/","name":"Cursos de Conducci\u00f3n Preventiva en Neuqu\u00e9n | Cursos de Manejo","isPartOf":{"@id":"https:\/\/cpeccsp.com.ar\/2024\/#website"},"primaryImageOfPage":{"@id":"https:\/\/cpeccsp.com.ar\/2024\/servicios\/cursos-de-conduccion-preventiva\/#primaryimage"},"image":{"@id":"https:\/\/cpeccsp.com.ar\/2024\/servicios\/cursos-de-conduccion-preventiva\/#primaryimage"},"thumbnailUrl":"https:\/\/cpeccsp.com.ar\/2024\/wp-content\/uploads\/2015\/10\/scale-ruler-on-blueprints.jpg","datePublished":"2015-10-22T14:34:37+00:00","dateModified":"2026-04-24T18:17:17+00:00","description":"Cursos de conducci\u00f3n preventiva para la industria en Neuqu\u00e9n. Capacitaci\u00f3n para flota liviana, pesada y 4x4 con pr\u00e1cticas en distintos escenarios y evaluaci\u00f3n t\u00e9cnica.","breadcrumb":{"@id":"https:\/\/cpeccsp.com.ar\/2024\/servicios\/cursos-de-conduccion-preventiva\/#breadcrumb"},"inLanguage":"es","potentialAction":[{"@type":"ReadAction","target":["https:\/\/cpeccsp.com.ar\/2024\/servicios\/cursos-de-conduccion-preventiva\/"]}]},{"@type":"ImageObject","inLanguage":"es","@id":"https:\/\/cpeccsp.com.ar\/2024\/servicios\/cursos-de-conduccion-preventiva\/#primaryimage","url":"https:\/\/cpeccsp.com.ar\/2024\/wp-content\/uploads\/2015\/10\/scale-ruler-on-blueprints.jpg","contentUrl":"https:\/\/cpeccsp.com.ar\/2024\/wp-content\/uploads\/2015\/10\/scale-ruler-on-blueprints.jpg","width":1732,"height":1155,"caption":"Two hands using a scale ruler on a set of blueprints"},{"@type":"BreadcrumbList","@id":"https:\/\/cpeccsp.com.ar\/2024\/servicios\/cursos-de-conduccion-preventiva\/#breadcrumb","itemListElement":[{"@type":"ListItem","position":1,"name":"Portada","item":"https:\/\/cpeccsp.com.ar\/2024\/inicio\/"},{"@type":"ListItem","position":2,"name":"SERVICIOS","item":"https:\/\/cpeccsp.com.ar\/2024\/servicios\/"},{"@type":"ListItem","position":3,"name":"Cursos de conducci\u00f3n preventiva"}]},{"@type":"WebSite","@id":"https:\/\/cpeccsp.com.ar\/2024\/#website","url":"https:\/\/cpeccsp.com.ar\/2024\/","name":"CPEC","description":"CPEC- L\u00edderes en capacitaciones en seguridad para la cuenca neuquina","potentialAction":[{"@type":"SearchAction","target":{"@type":"EntryPoint","urlTemplate":"https:\/\/cpeccsp.com.ar\/2024\/?s={search_term_string}"},"query-input":{"@type":"PropertyValueSpecification","valueRequired":true,"valueName":"search_term_string"}}],"inLanguage":"es"}]}},"_links":{"self":[{"href":"https:\/\/cpeccsp.com.ar\/2024\/wp-json\/wp\/v2\/pages\/113","targetHints":{"allow":["GET"]}}],"collection":[{"href":"https:\/\/cpeccsp.com.ar\/2024\/wp-json\/wp\/v2\/pages"}],"about":[{"href":"https:\/\/cpeccsp.com.ar\/2024\/wp-json\/wp\/v2\/types\/page"}],"author":[{"embeddable":true,"href":"https:\/\/cpeccsp.com.ar\/2024\/wp-json\/wp\/v2\/users\/2"}],"replies":[{"embeddable":true,"href":"https:\/\/cpeccsp.com.ar\/2024\/wp-json\/wp\/v2\/comments?post=113"}],"version-history":[{"count":9,"href":"https:\/\/cpeccsp.com.ar\/2024\/wp-json\/wp\/v2\/pages\/113\/revisions"}],"predecessor-version":[{"id":3963,"href":"https:\/\/cpeccsp.com.ar\/2024\/wp-json\/wp\/v2\/pages\/113\/revisions\/3963"}],"up":[{"embeddable":true,"href":"https:\/\/cpeccsp.com.ar\/2024\/wp-json\/wp\/v2\/pages\/25"}],"wp:featuredmedia":[{"embeddable":true,"href":"https:\/\/cpeccsp.com.ar\/2024\/wp-json\/wp\/v2\/media\/83"}],"wp:attachment":[{"href":"https:\/\/cpeccsp.com.ar\/2024\/wp-json\/wp\/v2\/media?parent=113"}],"curies":[{"name":"wp","href":"https:\/\/api.w.org\/{rel}","templated":true}]}}