{"id":140,"date":"2015-10-22T15:32:14","date_gmt":"2015-10-22T15:32:14","guid":{"rendered":"http:\/\/test.kriesi.at\/construction\/?page_id=140"},"modified":"2026-04-24T18:19:32","modified_gmt":"2026-04-24T18:19:32","slug":"inspeccion-de-equipos","status":"publish","type":"page","link":"https:\/\/cpeccsp.com.ar\/2024\/servicios\/inspeccion-de-equipos\/","title":{"rendered":"Inspecci\u00f3n de equipos"},"content":{"rendered":"\n<style type=\"text\/css\" data-created_by=\"avia_inline_auto\" id=\"style-css-av-2wqatg-f0210446a77c29f75dd83e3a79e5cdd4\">\n#top .flex_column.av-2wqatg-f0210446a77c29f75dd83e3a79e5cdd4{\nmargin-top:0px;\nmargin-bottom:0px;\n}\n.flex_column.av-2wqatg-f0210446a77c29f75dd83e3a79e5cdd4{\nborder-radius:0px 0px 0px 0px;\npadding:0px 0px 0px 0px;\n}\n.responsive #top #wrap_all .flex_column.av-2wqatg-f0210446a77c29f75dd83e3a79e5cdd4{\nmargin-top:0px;\nmargin-bottom:0px;\n}\n<\/style>\n<div  class='flex_column av-2wqatg-f0210446a77c29f75dd83e3a79e5cdd4 av_one_full  avia-builder-el-0  el_before_av_one_half  avia-builder-el-first  first flex_column_div av-animated-generic bottom-to-top av-zero-column-padding  '     ><p>\n<style type=\"text\/css\" data-created_by=\"avia_inline_auto\" id=\"style-css-av-9m0wc-93159d170fa210dc225ea809c5c058f6\">\n#top .av-special-heading.av-9m0wc-93159d170fa210dc225ea809c5c058f6{\npadding-bottom:0;\n}\nbody .av-special-heading.av-9m0wc-93159d170fa210dc225ea809c5c058f6 .av-special-heading-tag .heading-char{\nfont-size:25px;\n}\n.av-special-heading.av-9m0wc-93159d170fa210dc225ea809c5c058f6 .av-subheading{\nfont-size:15px;\n}\n<\/style>\n<div  class='av-special-heading av-9m0wc-93159d170fa210dc225ea809c5c058f6 av-special-heading-h2 meta-heading blockquote modern-quote  avia-builder-el-1  el_before_av_hr  avia-builder-el-first '><h2 class='av-special-heading-tag '  itemprop=\"headline\"  >Inspecci\u00f3n de equipos<\/h2><div class=\"special-heading-border\"><div class=\"special-heading-inner-border\"><\/div><\/div><\/div><br \/>\n\n<style type=\"text\/css\" data-created_by=\"avia_inline_auto\" id=\"style-css-av-2jeifw-36d1a7a9b12c805f9407472f4f4d5d29\">\n#top .hr.av-2jeifw-36d1a7a9b12c805f9407472f4f4d5d29{\nmargin-top:10px;\nmargin-bottom:10px;\n}\n.hr.av-2jeifw-36d1a7a9b12c805f9407472f4f4d5d29 .hr-inner{\nwidth:50px;\nborder-color:#efbb20;\n}\n<\/style>\n<div  class='hr av-2jeifw-36d1a7a9b12c805f9407472f4f4d5d29 hr-custom  avia-builder-el-2  el_after_av_heading  el_before_av_textblock  hr-left hr-icon-no'><span class='hr-inner inner-border-av-border-fat'><span class=\"hr-inner-style\"><\/span><\/span><\/div><br \/>\n\n<style type=\"text\/css\" data-created_by=\"avia_inline_auto\" id=\"style-css-av-28ah7g-75f0ea5b4b8df8e454656dfd3a968727\">\n#top .av_textblock_section.av-28ah7g-75f0ea5b4b8df8e454656dfd3a968727 .avia_textblock{\nfont-size:18px;\n}\n<\/style>\n<section  class='av_textblock_section av-28ah7g-75f0ea5b4b8df8e454656dfd3a968727 '   itemscope=\"itemscope\" itemtype=\"https:\/\/schema.org\/CreativeWork\" ><div class='avia_textblock'  itemprop=\"text\" ><p><span style=\"font-weight: 400;\">Inspeccionamos equipos para trabajos en altura y espacios confinados. Tambi\u00e9n hacemos revisi\u00f3n visual de arneses, cabos antica\u00eddas y de posicionamiento. <\/span><\/p>\n<\/div><\/section><\/p><\/div>\n\n<style type=\"text\/css\" data-created_by=\"avia_inline_auto\" id=\"style-css-av-23lpl8-7e9551dfe082bdaed55c9fe2b02f49ba\">\n.flex_column.av-23lpl8-7e9551dfe082bdaed55c9fe2b02f49ba{\nborder-radius:0px 0px 0px 0px;\npadding:0px 0px 0px 0px;\n}\n<\/style>\n<div  class='flex_column av-23lpl8-7e9551dfe082bdaed55c9fe2b02f49ba av_one_half  avia-builder-el-4  el_after_av_one_full  el_before_av_one_half  first flex_column_div av-animated-generic bottom-to-top av-zero-column-padding  column-top-margin'     ><style type=\"text\/css\" data-created_by=\"avia_inline_auto\" id=\"style-css-av-1x3904-e7b55a6ab76ff1b37bcae99f09c8bab9\">\n.avia-image-container.av-1x3904-e7b55a6ab76ff1b37bcae99f09c8bab9 img.avia_image{\nbox-shadow:none;\n}\n.avia-image-container.av-1x3904-e7b55a6ab76ff1b37bcae99f09c8bab9 .av-image-caption-overlay-center{\ncolor:#ffffff;\n}\n<\/style>\n<div  class='avia-image-container av-1x3904-e7b55a6ab76ff1b37bcae99f09c8bab9 av-styling-no-styling avia-align-center  avia-builder-el-5  avia-builder-el-no-sibling '   itemprop=\"image\" itemscope=\"itemscope\" itemtype=\"https:\/\/schema.org\/ImageObject\" ><div class=\"avia-image-container-inner\"><div class=\"avia-image-overlay-wrap\"><img decoding=\"async\" fetchpriority=\"high\" class='wp-image-3956 avia-img-lazy-loading-not-3956 avia_image ' src=\"https:\/\/cpeccsp.com.ar\/2024\/wp-content\/uploads\/2025\/06\/2-2-495x400.jpg\" alt='' title='2 (2)'  height=\"400\" width=\"495\"  itemprop=\"thumbnailUrl\" srcset=\"https:\/\/cpeccsp.com.ar\/2024\/wp-content\/uploads\/2025\/06\/2-2-495x400.jpg 495w, https:\/\/cpeccsp.com.ar\/2024\/wp-content\/uploads\/2025\/06\/2-2-845x684.jpg 845w\" sizes=\"(max-width: 495px) 100vw, 495px\" \/><\/div><\/div><\/div><\/div>\n\n<style type=\"text\/css\" data-created_by=\"avia_inline_auto\" id=\"style-css-av-11ech0-22ab6c2d4a35aaaa4c962bc3f20b21e1\">\n.flex_column.av-11ech0-22ab6c2d4a35aaaa4c962bc3f20b21e1{\nborder-radius:0px 0px 0px 0px;\npadding:0px 0px 0px 0px;\n}\n<\/style>\n<div  class='flex_column av-11ech0-22ab6c2d4a35aaaa4c962bc3f20b21e1 av_one_half  avia-builder-el-6  el_after_av_one_half  el_before_av_one_half  flex_column_div av-animated-generic bottom-to-top av-zero-column-padding  column-top-margin'     ><style type=\"text\/css\" data-created_by=\"avia_inline_auto\" id=\"style-css-av-mcfe4baj-a3453f9bfbc9afe440d2587c9a4e4dec\">\n.avia-image-container.av-mcfe4baj-a3453f9bfbc9afe440d2587c9a4e4dec img.avia_image{\nbox-shadow:none;\n}\n.avia-image-container.av-mcfe4baj-a3453f9bfbc9afe440d2587c9a4e4dec .av-image-caption-overlay-center{\ncolor:#ffffff;\n}\n<\/style>\n<div  class='avia-image-container av-mcfe4baj-a3453f9bfbc9afe440d2587c9a4e4dec av-styling-no-styling avia-align-center  avia-builder-el-7  avia-builder-el-no-sibling '   itemprop=\"image\" itemscope=\"itemscope\" itemtype=\"https:\/\/schema.org\/ImageObject\" ><div class=\"avia-image-container-inner\"><div class=\"avia-image-overlay-wrap\"><img decoding=\"async\" fetchpriority=\"high\" class='wp-image-3958 avia-img-lazy-loading-not-3958 avia_image ' src=\"https:\/\/cpeccsp.com.ar\/2024\/wp-content\/uploads\/2025\/06\/3-4-495x400.jpg\" alt='' title='3 (4)'  height=\"400\" width=\"495\"  itemprop=\"thumbnailUrl\" srcset=\"https:\/\/cpeccsp.com.ar\/2024\/wp-content\/uploads\/2025\/06\/3-4-495x400.jpg 495w, https:\/\/cpeccsp.com.ar\/2024\/wp-content\/uploads\/2025\/06\/3-4-845x684.jpg 845w\" sizes=\"(max-width: 495px) 100vw, 495px\" \/><\/div><\/div><\/div><\/div>\n\n<style type=\"text\/css\" data-created_by=\"avia_inline_auto\" id=\"style-css-av-xebac-5ba8bc492fcb34c71641aa3bf36919a0\">\n.flex_column.av-xebac-5ba8bc492fcb34c71641aa3bf36919a0{\nborder-radius:0px 0px 0px 0px;\npadding:0px 0px 0px 0px;\n}\n<\/style>\n<div  class='flex_column av-xebac-5ba8bc492fcb34c71641aa3bf36919a0 av_one_half  avia-builder-el-8  el_after_av_one_half  el_before_av_one_half  first flex_column_div av-animated-generic bottom-to-top av-zero-column-padding  column-top-margin'     ><style type=\"text\/css\" data-created_by=\"avia_inline_auto\" id=\"style-css-av-rl8a4-07c4ace2f2e7c17fe49d6103c89eabc8\">\n.avia-image-container.av-rl8a4-07c4ace2f2e7c17fe49d6103c89eabc8 img.avia_image{\nbox-shadow:none;\n}\n.avia-image-container.av-rl8a4-07c4ace2f2e7c17fe49d6103c89eabc8 .av-image-caption-overlay-center{\ncolor:#ffffff;\n}\n<\/style>\n<div  class='avia-image-container av-rl8a4-07c4ace2f2e7c17fe49d6103c89eabc8 av-styling-no-styling avia-align-center  avia-builder-el-9  avia-builder-el-no-sibling '   itemprop=\"image\" itemscope=\"itemscope\" itemtype=\"https:\/\/schema.org\/ImageObject\" ><div class=\"avia-image-container-inner\"><div class=\"avia-image-overlay-wrap\"><img decoding=\"async\" fetchpriority=\"high\" class='wp-image-3890 avia-img-lazy-loading-not-3890 avia_image ' src=\"https:\/\/cpeccsp.com.ar\/2024\/wp-content\/uploads\/2025\/05\/8-2-495x400.jpg\" alt='' title='8'  height=\"400\" width=\"495\"  itemprop=\"thumbnailUrl\" srcset=\"https:\/\/cpeccsp.com.ar\/2024\/wp-content\/uploads\/2025\/05\/8-2-495x400.jpg 495w, https:\/\/cpeccsp.com.ar\/2024\/wp-content\/uploads\/2025\/05\/8-2-845x684.jpg 845w\" sizes=\"(max-width: 495px) 100vw, 495px\" \/><\/div><\/div><\/div><\/div>\n\n<style type=\"text\/css\" data-created_by=\"avia_inline_auto\" id=\"style-css-av-j7t78-29006b648d93a24bc4a33f3dfaf25039\">\n.flex_column.av-j7t78-29006b648d93a24bc4a33f3dfaf25039{\nborder-radius:0px 0px 0px 0px;\npadding:0px 0px 0px 0px;\n}\n<\/style>\n<div  class='flex_column av-j7t78-29006b648d93a24bc4a33f3dfaf25039 av_one_half  avia-builder-el-10  el_after_av_one_half  el_before_av_one_half  flex_column_div av-animated-generic bottom-to-top av-zero-column-padding  column-top-margin'     ><style type=\"text\/css\" data-created_by=\"avia_inline_auto\" id=\"style-css-av-d7l90-abec547272b8e0fd11199a87c9541ff6\">\n.avia-image-container.av-d7l90-abec547272b8e0fd11199a87c9541ff6 img.avia_image{\nbox-shadow:none;\n}\n.avia-image-container.av-d7l90-abec547272b8e0fd11199a87c9541ff6 .av-image-caption-overlay-center{\ncolor:#ffffff;\n}\n<\/style>\n<div  class='avia-image-container av-d7l90-abec547272b8e0fd11199a87c9541ff6 av-styling-no-styling avia-align-center  avia-builder-el-11  avia-builder-el-no-sibling '   itemprop=\"image\" itemscope=\"itemscope\" itemtype=\"https:\/\/schema.org\/ImageObject\" ><div class=\"avia-image-container-inner\"><div class=\"avia-image-overlay-wrap\"><img decoding=\"async\" fetchpriority=\"high\" class='wp-image-4199 avia-img-lazy-loading-not-4199 avia_image ' src=\"https:\/\/cpeccsp.com.ar\/2024\/wp-content\/uploads\/2025\/07\/1-495x400.jpeg\" alt='' title='1'  height=\"400\" width=\"495\"  itemprop=\"thumbnailUrl\" srcset=\"https:\/\/cpeccsp.com.ar\/2024\/wp-content\/uploads\/2025\/07\/1-495x400.jpeg 495w, https:\/\/cpeccsp.com.ar\/2024\/wp-content\/uploads\/2025\/07\/1-845x684.jpeg 845w\" sizes=\"(max-width: 495px) 100vw, 495px\" \/><\/div><\/div><\/div><\/div>\n<style type=\"text\/css\" data-created_by=\"avia_inline_auto\" id=\"style-css-av-b82ek-fbabdff02534c8ca13484913d0f960ef\">\n.flex_column.av-b82ek-fbabdff02534c8ca13484913d0f960ef{\nborder-radius:0px 0px 0px 0px;\npadding:0px 0px 0px 0px;\n}\n<\/style>\n<div  class='flex_column av-b82ek-fbabdff02534c8ca13484913d0f960ef av_one_half  avia-builder-el-12  el_after_av_one_half  el_before_av_one_half  first flex_column_div av-animated-generic bottom-to-top av-zero-column-padding  column-top-margin'     ><style type=\"text\/css\" data-created_by=\"avia_inline_auto\" id=\"style-css-av-mcfe5hw4-b789cd0a4d1ef9d894c8defbac2a8ee9\">\n.avia-image-container.av-mcfe5hw4-b789cd0a4d1ef9d894c8defbac2a8ee9 img.avia_image{\nbox-shadow:none;\n}\n.avia-image-container.av-mcfe5hw4-b789cd0a4d1ef9d894c8defbac2a8ee9 .av-image-caption-overlay-center{\ncolor:#ffffff;\n}\n<\/style>\n<div  class='avia-image-container av-mcfe5hw4-b789cd0a4d1ef9d894c8defbac2a8ee9 av-styling-no-styling avia-align-center  avia-builder-el-13  avia-builder-el-no-sibling '   itemprop=\"image\" itemscope=\"itemscope\" itemtype=\"https:\/\/schema.org\/ImageObject\" ><div class=\"avia-image-container-inner\"><div class=\"avia-image-overlay-wrap\"><img decoding=\"async\" fetchpriority=\"high\" class='wp-image-3961 avia-img-lazy-loading-not-3961 avia_image ' src=\"https:\/\/cpeccsp.com.ar\/2024\/wp-content\/uploads\/2025\/06\/1-2-495x400.jpg\" alt='' title='1 (2)'  height=\"400\" width=\"495\"  itemprop=\"thumbnailUrl\" srcset=\"https:\/\/cpeccsp.com.ar\/2024\/wp-content\/uploads\/2025\/06\/1-2-495x400.jpg 495w, https:\/\/cpeccsp.com.ar\/2024\/wp-content\/uploads\/2025\/06\/1-2-845x684.jpg 845w\" sizes=\"(max-width: 495px) 100vw, 495px\" \/><\/div><\/div><\/div><\/div><\/p>\n\n<style type=\"text\/css\" data-created_by=\"avia_inline_auto\" id=\"style-css-av-7txss-37f3cee4b0d41e676bb5401576acaae3\">\n.flex_column.av-7txss-37f3cee4b0d41e676bb5401576acaae3{\nborder-radius:0px 0px 0px 0px;\npadding:0px 0px 0px 0px;\n}\n<\/style>\n<div  class='flex_column av-7txss-37f3cee4b0d41e676bb5401576acaae3 av_one_half  avia-builder-el-14  el_after_av_one_half  avia-builder-el-last  flex_column_div av-animated-generic bottom-to-top av-zero-column-padding  column-top-margin'     ><style type=\"text\/css\" data-created_by=\"avia_inline_auto\" id=\"style-css-av-mapmsnm6-8deb5ab89edc0bb537a3d612cf62677b\">\n.avia-image-container.av-mapmsnm6-8deb5ab89edc0bb537a3d612cf62677b img.avia_image{\nbox-shadow:none;\n}\n.avia-image-container.av-mapmsnm6-8deb5ab89edc0bb537a3d612cf62677b .av-image-caption-overlay-center{\ncolor:#ffffff;\n}\n<\/style>\n<div  class='avia-image-container av-mapmsnm6-8deb5ab89edc0bb537a3d612cf62677b av-styling-no-styling avia-align-center  avia-builder-el-15  avia-builder-el-no-sibling '   itemprop=\"image\" itemscope=\"itemscope\" itemtype=\"https:\/\/schema.org\/ImageObject\" ><div class=\"avia-image-container-inner\"><div class=\"avia-image-overlay-wrap\"><img decoding=\"async\" fetchpriority=\"high\" class='wp-image-3959 avia-img-lazy-loading-not-3959 avia_image ' src=\"https:\/\/cpeccsp.com.ar\/2024\/wp-content\/uploads\/2025\/06\/5-495x400.jpg\" alt='' title='5'  height=\"400\" width=\"495\"  itemprop=\"thumbnailUrl\" srcset=\"https:\/\/cpeccsp.com.ar\/2024\/wp-content\/uploads\/2025\/06\/5-495x400.jpg 495w, https:\/\/cpeccsp.com.ar\/2024\/wp-content\/uploads\/2025\/06\/5-845x684.jpg 845w\" sizes=\"(max-width: 495px) 100vw, 495px\" \/><\/div><\/div><\/div><\/div>\n","protected":false},"excerpt":{"rendered":"","protected":false},"author":2,"featured_media":0,"parent":25,"menu_order":0,"comment_status":"closed","ping_status":"closed","template":"","meta":{"footnotes":""},"class_list":["post-140","page","type-page","status-publish","hentry"],"yoast_head":"<!-- This site is optimized with the Yoast SEO plugin v27.5 - https:\/\/yoast.com\/product\/yoast-seo-wordpress\/ -->\n<title>Inspecci\u00f3n de Equipos de Seguridad en Neuqu\u00e9n | CPEC<\/title>\n<meta name=\"description\" content=\"Servicio de inspecci\u00f3n de equipos de seguridad industrial en Neuqu\u00e9n. Revisi\u00f3n t\u00e9cnica de EPP y sistemas para trabajos en altura, espacios confinados y tareas de riesgo.\" \/>\n<meta name=\"robots\" content=\"index, follow, max-snippet:-1, max-image-preview:large, max-video-preview:-1\" \/>\n<link rel=\"canonical\" href=\"https:\/\/cpeccsp.com.ar\/2024\/servicios\/inspeccion-de-equipos\/\" \/>\n<meta property=\"og:locale\" content=\"es_ES\" \/>\n<meta property=\"og:type\" content=\"article\" \/>\n<meta property=\"og:title\" content=\"Inspecci\u00f3n de Equipos de Seguridad en Neuqu\u00e9n | CPEC\" \/>\n<meta property=\"og:description\" content=\"Servicio de inspecci\u00f3n de equipos de seguridad industrial en Neuqu\u00e9n. Revisi\u00f3n t\u00e9cnica de EPP y sistemas para trabajos en altura, espacios confinados y tareas de riesgo.\" \/>\n<meta property=\"og:url\" content=\"https:\/\/cpeccsp.com.ar\/2024\/servicios\/inspeccion-de-equipos\/\" \/>\n<meta property=\"og:site_name\" content=\"CPEC\" \/>\n<meta property=\"article:modified_time\" content=\"2026-04-24T18:19:32+00:00\" \/>\n<meta name=\"twitter:card\" content=\"summary_large_image\" \/>\n<meta name=\"twitter:label1\" content=\"Tiempo de lectura\" \/>\n\t<meta name=\"twitter:data1\" content=\"2 minutos\" \/>\n<script type=\"application\/ld+json\" class=\"yoast-schema-graph\">{\"@context\":\"https:\\\/\\\/schema.org\",\"@graph\":[{\"@type\":\"WebPage\",\"@id\":\"https:\\\/\\\/cpeccsp.com.ar\\\/2024\\\/servicios\\\/inspeccion-de-equipos\\\/\",\"url\":\"https:\\\/\\\/cpeccsp.com.ar\\\/2024\\\/servicios\\\/inspeccion-de-equipos\\\/\",\"name\":\"Inspecci\u00f3n de Equipos de Seguridad en Neuqu\u00e9n | CPEC\",\"isPartOf\":{\"@id\":\"https:\\\/\\\/cpeccsp.com.ar\\\/2024\\\/#website\"},\"datePublished\":\"2015-10-22T15:32:14+00:00\",\"dateModified\":\"2026-04-24T18:19:32+00:00\",\"description\":\"Servicio de inspecci\u00f3n de equipos de seguridad industrial en Neuqu\u00e9n. Revisi\u00f3n t\u00e9cnica de EPP y sistemas para trabajos en altura, espacios confinados y tareas de riesgo.\",\"breadcrumb\":{\"@id\":\"https:\\\/\\\/cpeccsp.com.ar\\\/2024\\\/servicios\\\/inspeccion-de-equipos\\\/#breadcrumb\"},\"inLanguage\":\"es\",\"potentialAction\":[{\"@type\":\"ReadAction\",\"target\":[\"https:\\\/\\\/cpeccsp.com.ar\\\/2024\\\/servicios\\\/inspeccion-de-equipos\\\/\"]}]},{\"@type\":\"BreadcrumbList\",\"@id\":\"https:\\\/\\\/cpeccsp.com.ar\\\/2024\\\/servicios\\\/inspeccion-de-equipos\\\/#breadcrumb\",\"itemListElement\":[{\"@type\":\"ListItem\",\"position\":1,\"name\":\"Portada\",\"item\":\"https:\\\/\\\/cpeccsp.com.ar\\\/2024\\\/inicio\\\/\"},{\"@type\":\"ListItem\",\"position\":2,\"name\":\"SERVICIOS\",\"item\":\"https:\\\/\\\/cpeccsp.com.ar\\\/2024\\\/servicios\\\/\"},{\"@type\":\"ListItem\",\"position\":3,\"name\":\"Inspecci\u00f3n de equipos\"}]},{\"@type\":\"WebSite\",\"@id\":\"https:\\\/\\\/cpeccsp.com.ar\\\/2024\\\/#website\",\"url\":\"https:\\\/\\\/cpeccsp.com.ar\\\/2024\\\/\",\"name\":\"CPEC\",\"description\":\"CPEC- L\u00edderes en capacitaciones en seguridad para la cuenca neuquina\",\"potentialAction\":[{\"@type\":\"SearchAction\",\"target\":{\"@type\":\"EntryPoint\",\"urlTemplate\":\"https:\\\/\\\/cpeccsp.com.ar\\\/2024\\\/?s={search_term_string}\"},\"query-input\":{\"@type\":\"PropertyValueSpecification\",\"valueRequired\":true,\"valueName\":\"search_term_string\"}}],\"inLanguage\":\"es\"}]}<\/script>\n<!-- \/ Yoast SEO plugin. -->","yoast_head_json":{"title":"Inspecci\u00f3n de Equipos de Seguridad en Neuqu\u00e9n | CPEC","description":"Servicio de inspecci\u00f3n de equipos de seguridad industrial en Neuqu\u00e9n. Revisi\u00f3n t\u00e9cnica de EPP y sistemas para trabajos en altura, espacios confinados y tareas de riesgo.","robots":{"index":"index","follow":"follow","max-snippet":"max-snippet:-1","max-image-preview":"max-image-preview:large","max-video-preview":"max-video-preview:-1"},"canonical":"https:\/\/cpeccsp.com.ar\/2024\/servicios\/inspeccion-de-equipos\/","og_locale":"es_ES","og_type":"article","og_title":"Inspecci\u00f3n de Equipos de Seguridad en Neuqu\u00e9n | CPEC","og_description":"Servicio de inspecci\u00f3n de equipos de seguridad industrial en Neuqu\u00e9n. Revisi\u00f3n t\u00e9cnica de EPP y sistemas para trabajos en altura, espacios confinados y tareas de riesgo.","og_url":"https:\/\/cpeccsp.com.ar\/2024\/servicios\/inspeccion-de-equipos\/","og_site_name":"CPEC","article_modified_time":"2026-04-24T18:19:32+00:00","twitter_card":"summary_large_image","twitter_misc":{"Tiempo de lectura":"2 minutos"},"schema":{"@context":"https:\/\/schema.org","@graph":[{"@type":"WebPage","@id":"https:\/\/cpeccsp.com.ar\/2024\/servicios\/inspeccion-de-equipos\/","url":"https:\/\/cpeccsp.com.ar\/2024\/servicios\/inspeccion-de-equipos\/","name":"Inspecci\u00f3n de Equipos de Seguridad en Neuqu\u00e9n | CPEC","isPartOf":{"@id":"https:\/\/cpeccsp.com.ar\/2024\/#website"},"datePublished":"2015-10-22T15:32:14+00:00","dateModified":"2026-04-24T18:19:32+00:00","description":"Servicio de inspecci\u00f3n de equipos de seguridad industrial en Neuqu\u00e9n. Revisi\u00f3n t\u00e9cnica de EPP y sistemas para trabajos en altura, espacios confinados y tareas de riesgo.","breadcrumb":{"@id":"https:\/\/cpeccsp.com.ar\/2024\/servicios\/inspeccion-de-equipos\/#breadcrumb"},"inLanguage":"es","potentialAction":[{"@type":"ReadAction","target":["https:\/\/cpeccsp.com.ar\/2024\/servicios\/inspeccion-de-equipos\/"]}]},{"@type":"BreadcrumbList","@id":"https:\/\/cpeccsp.com.ar\/2024\/servicios\/inspeccion-de-equipos\/#breadcrumb","itemListElement":[{"@type":"ListItem","position":1,"name":"Portada","item":"https:\/\/cpeccsp.com.ar\/2024\/inicio\/"},{"@type":"ListItem","position":2,"name":"SERVICIOS","item":"https:\/\/cpeccsp.com.ar\/2024\/servicios\/"},{"@type":"ListItem","position":3,"name":"Inspecci\u00f3n de equipos"}]},{"@type":"WebSite","@id":"https:\/\/cpeccsp.com.ar\/2024\/#website","url":"https:\/\/cpeccsp.com.ar\/2024\/","name":"CPEC","description":"CPEC- L\u00edderes en capacitaciones en seguridad para la cuenca neuquina","potentialAction":[{"@type":"SearchAction","target":{"@type":"EntryPoint","urlTemplate":"https:\/\/cpeccsp.com.ar\/2024\/?s={search_term_string}"},"query-input":{"@type":"PropertyValueSpecification","valueRequired":true,"valueName":"search_term_string"}}],"inLanguage":"es"}]}},"_links":{"self":[{"href":"https:\/\/cpeccsp.com.ar\/2024\/wp-json\/wp\/v2\/pages\/140","targetHints":{"allow":["GET"]}}],"collection":[{"href":"https:\/\/cpeccsp.com.ar\/2024\/wp-json\/wp\/v2\/pages"}],"about":[{"href":"https:\/\/cpeccsp.com.ar\/2024\/wp-json\/wp\/v2\/types\/page"}],"author":[{"embeddable":true,"href":"https:\/\/cpeccsp.com.ar\/2024\/wp-json\/wp\/v2\/users\/2"}],"replies":[{"embeddable":true,"href":"https:\/\/cpeccsp.com.ar\/2024\/wp-json\/wp\/v2\/comments?post=140"}],"version-history":[{"count":5,"href":"https:\/\/cpeccsp.com.ar\/2024\/wp-json\/wp\/v2\/pages\/140\/revisions"}],"predecessor-version":[{"id":4200,"href":"https:\/\/cpeccsp.com.ar\/2024\/wp-json\/wp\/v2\/pages\/140\/revisions\/4200"}],"up":[{"embeddable":true,"href":"https:\/\/cpeccsp.com.ar\/2024\/wp-json\/wp\/v2\/pages\/25"}],"wp:attachment":[{"href":"https:\/\/cpeccsp.com.ar\/2024\/wp-json\/wp\/v2\/media?parent=140"}],"curies":[{"name":"wp","href":"https:\/\/api.w.org\/{rel}","templated":true}]}}