{"id":142,"date":"2015-10-22T15:32:34","date_gmt":"2015-10-22T15:32:34","guid":{"rendered":"http:\/\/test.kriesi.at\/construction\/?page_id=142"},"modified":"2026-04-24T18:22:44","modified_gmt":"2026-04-24T18:22:44","slug":"rental-de-equipos","status":"publish","type":"page","link":"https:\/\/cpeccsp.com.ar\/2024\/servicios\/rental-de-equipos\/","title":{"rendered":"Rental de equipos"},"content":{"rendered":"\n<style type=\"text\/css\" data-created_by=\"avia_inline_auto\" id=\"style-css-av-2ifj6m-de80ad9aafdf39a49e3e0dc3d46769bf\">\n#top .flex_column.av-2ifj6m-de80ad9aafdf39a49e3e0dc3d46769bf{\nmargin-top:0px;\nmargin-bottom:0px;\n}\n.flex_column.av-2ifj6m-de80ad9aafdf39a49e3e0dc3d46769bf{\nborder-radius:0px 0px 0px 0px;\npadding:0px 0px 0px 0px;\n}\n.responsive #top #wrap_all .flex_column.av-2ifj6m-de80ad9aafdf39a49e3e0dc3d46769bf{\nmargin-top:0px;\nmargin-bottom:0px;\n}\n<\/style>\n<div  class='flex_column av-2ifj6m-de80ad9aafdf39a49e3e0dc3d46769bf av_one_full  avia-builder-el-0  el_before_av_one_full  avia-builder-el-first  first flex_column_div av-animated-generic bottom-to-top av-zero-column-padding  '     ><p>\n<style type=\"text\/css\" data-created_by=\"avia_inline_auto\" id=\"style-css-av-2g0mbq-949d03dcd2c973dfd311f95d93b4be82\">\n#top .av-special-heading.av-2g0mbq-949d03dcd2c973dfd311f95d93b4be82{\npadding-bottom:0;\n}\nbody .av-special-heading.av-2g0mbq-949d03dcd2c973dfd311f95d93b4be82 .av-special-heading-tag .heading-char{\nfont-size:25px;\n}\n.av-special-heading.av-2g0mbq-949d03dcd2c973dfd311f95d93b4be82 .av-subheading{\nfont-size:15px;\n}\n<\/style>\n<div  class='av-special-heading av-2g0mbq-949d03dcd2c973dfd311f95d93b4be82 av-special-heading-h2 meta-heading blockquote modern-quote  avia-builder-el-1  el_before_av_hr  avia-builder-el-first '><h2 class='av-special-heading-tag '  itemprop=\"headline\"  >Rental de equipos<\/h2><div class=\"special-heading-border\"><div class=\"special-heading-inner-border\"><\/div><\/div><\/div><br \/>\n\n<style type=\"text\/css\" data-created_by=\"avia_inline_auto\" id=\"style-css-av-27cyf2-8d59312ea9b1dda070d84ab0acbe2049\">\n#top .hr.av-27cyf2-8d59312ea9b1dda070d84ab0acbe2049{\nmargin-top:10px;\nmargin-bottom:10px;\n}\n.hr.av-27cyf2-8d59312ea9b1dda070d84ab0acbe2049 .hr-inner{\nwidth:50px;\nborder-color:#efbb20;\n}\n<\/style>\n<div  class='hr av-27cyf2-8d59312ea9b1dda070d84ab0acbe2049 hr-custom  avia-builder-el-2  el_after_av_heading  el_before_av_textblock  hr-left hr-icon-no'><span class='hr-inner inner-border-av-border-fat'><span class=\"hr-inner-style\"><\/span><\/span><\/div><br \/>\n\n<style type=\"text\/css\" data-created_by=\"avia_inline_auto\" id=\"style-css-av-6s68e-e34b61945e2ce64b1e3213e65c623755\">\n#top .av_textblock_section.av-6s68e-e34b61945e2ce64b1e3213e65c623755 .avia_textblock{\nfont-size:18px;\n}\n<\/style>\n<section  class='av_textblock_section av-6s68e-e34b61945e2ce64b1e3213e65c623755 '   itemscope=\"itemscope\" itemtype=\"https:\/\/schema.org\/CreativeWork\" ><div class='avia_textblock'  itemprop=\"text\" ><p><span style=\"font-weight: 400;\">Alquiler de equipamiento para trabajos en altura, espacios confinados y con presencia de gases. Contamos tambi\u00e9n con equipos de medici\u00f3n: anem\u00f3metro, decibel\u00edmetro, lux\u00f3metro, carga t\u00e9rmica y puesta a tierra. <\/span><\/p>\n<\/div><\/section><\/p><\/div>\n\n<style type=\"text\/css\" data-created_by=\"avia_inline_auto\" id=\"style-css-av-215yn2-dd7ff9d640c83be22d09bc7f79ce5f99\">\n#top .flex_column.av-215yn2-dd7ff9d640c83be22d09bc7f79ce5f99{\nmargin-top:0px;\nmargin-bottom:0px;\n}\n.flex_column.av-215yn2-dd7ff9d640c83be22d09bc7f79ce5f99{\nborder-radius:0px 0px 0px 0px;\npadding:0px 0px 0px 0px;\n}\n.responsive #top #wrap_all .flex_column.av-215yn2-dd7ff9d640c83be22d09bc7f79ce5f99{\nmargin-top:0px;\nmargin-bottom:0px;\n}\n<\/style>\n<div  class='flex_column av-215yn2-dd7ff9d640c83be22d09bc7f79ce5f99 av_one_full  avia-builder-el-4  el_after_av_one_full  el_before_av_one_full  first flex_column_div av-animated-generic bottom-to-top av-zero-column-padding  column-top-margin'     ><p><div  class='hr av-gc1v2-0f0436f06c3ca86d86c0d352f88e87d4 hr-default  avia-builder-el-5  el_before_av_video  avia-builder-el-first '><span class='hr-inner '><span class=\"hr-inner-style\"><\/span><\/span><\/div><br \/>\n<div  class='avia-video av-mapmysux-8b14746dc4fd10193fe6b552e4affcfc avia-video-16-9 av-no-preview-image avia-video-load-always avia-video-html5'  itemprop=\"video\" itemtype=\"https:\/\/schema.org\/VideoObject\"  data-original_url='https:\/\/cpeccsp.com.ar\/2024\/wp-content\/uploads\/2025\/05\/ALQUILER-DE-EQUIPOS.mp4'><video class='avia_video'  autoplay playsinline  preload=\"auto\" muted controls id='player_142_458150577_1736232944'><source src='https:\/\/cpeccsp.com.ar\/2024\/wp-content\/uploads\/2025\/05\/ALQUILER-DE-EQUIPOS.mp4' type='video\/mp4' \/><\/video><\/div><br \/>\n<div  class='hr av-aq8fi-ee6a5ff6dfe96f233b4595df611255f2 hr-default  avia-builder-el-7  el_after_av_video  el_before_av_textblock '><span class='hr-inner '><span class=\"hr-inner-style\"><\/span><\/span><\/div><br \/>\n\n<style type=\"text\/css\" data-created_by=\"avia_inline_auto\" id=\"style-css-av-9zbam-8c177eb8ba0265ef2ee2c8c844487c91\">\n#top .av_textblock_section.av-9zbam-8c177eb8ba0265ef2ee2c8c844487c91 .avia_textblock{\nfont-size:18px;\n}\n<\/style>\n<section  class='av_textblock_section av-9zbam-8c177eb8ba0265ef2ee2c8c844487c91 '   itemscope=\"itemscope\" itemtype=\"https:\/\/schema.org\/CreativeWork\" ><div class='avia_textblock'  itemprop=\"text\" ><p><span style=\"font-weight: 400;\">Contamos con la mayor tecnolog\u00eda y el objetivo de ofrecer respuesta inmediata a las necesidades y exigencias de la industria.\u00a0<\/span><\/p>\n<\/div><\/section><\/p><\/div>\n<style type=\"text\/css\" data-created_by=\"avia_inline_auto\" id=\"style-css-av-1gunha-c3936baec084c148beffab0d7b95bcfd\">\n.flex_column.av-1gunha-c3936baec084c148beffab0d7b95bcfd{\nborder-width:1px;\nborder-color:#e1e1e1;\nborder-style:solid;\nborder-radius:0px 0px 0px 0px;\npadding:20px 20px 20px 20px;\nbackground-color:#fcfcfc;\n}\n<\/style>\n<div  class='flex_column av-1gunha-c3936baec084c148beffab0d7b95bcfd av_one_full  avia-builder-el-9  el_after_av_one_full  avia-builder-el-last  first flex_column_div av-animated-generic bottom-to-top  column-top-margin'     ><style type=\"text\/css\" data-created_by=\"avia_inline_auto\" id=\"style-css-av-mapmx4rc-943c7782e4d750af47129d965cf6fa59\">\n#top .avia-gallery.av-mapmx4rc-943c7782e4d750af47129d965cf6fa59 .avia-gallery-thumb a{\nwidth:20%;\n}\n<\/style>\n<div  class='avia-gallery av-mapmx4rc-943c7782e4d750af47129d965cf6fa59 avia_animate_when_visible  avia-builder-el-10  avia-builder-el-no-sibling  avia_lazyload avia-gallery-animate avia-gallery-1'  itemprop=\"image\" itemscope=\"itemscope\" itemtype=\"https:\/\/schema.org\/ImageObject\" ><meta itemprop=\"contentURL\" content=\"https:\/\/cpeccsp.com.ar\/2024\/servicios\/rental-de-equipos\/\"><div class='avia-gallery-thumb'><a href=\"https:\/\/cpeccsp.com.ar\/2024\/wp-content\/uploads\/2025\/05\/Artboard-Copy-2-579x1030.png\" data-srcset=\"https:\/\/cpeccsp.com.ar\/2024\/wp-content\/uploads\/2025\/05\/Artboard-Copy-2-579x1030.png 579w, https:\/\/cpeccsp.com.ar\/2024\/wp-content\/uploads\/2025\/05\/Artboard-Copy-2-169x300.png 169w, https:\/\/cpeccsp.com.ar\/2024\/wp-content\/uploads\/2025\/05\/Artboard-Copy-2-768x1365.png 768w, https:\/\/cpeccsp.com.ar\/2024\/wp-content\/uploads\/2025\/05\/Artboard-Copy-2-864x1536.png 864w, https:\/\/cpeccsp.com.ar\/2024\/wp-content\/uploads\/2025\/05\/Artboard-Copy-2-844x1500.png 844w, https:\/\/cpeccsp.com.ar\/2024\/wp-content\/uploads\/2025\/05\/Artboard-Copy-2-397x705.png 397w, https:\/\/cpeccsp.com.ar\/2024\/wp-content\/uploads\/2025\/05\/Artboard-Copy-2.png 1080w\" data-sizes=\"(max-width: 579px) 100vw, 579px\" data-rel='gallery-1' data-prev-img='https:\/\/cpeccsp.com.ar\/2024\/wp-content\/uploads\/2025\/05\/Artboard-Copy-2-495x400.png' class='first_thumb lightbox ' data-onclick='1' title='Artboard Copy 2'  itemprop=\"thumbnailUrl\"  ><img decoding=\"async\" fetchpriority=\"high\" class=\"wp-image-3894 avia-img-lazy-loading-not-3894\"   src=\"https:\/\/cpeccsp.com.ar\/2024\/wp-content\/uploads\/2025\/05\/Artboard-Copy-2-495x400.png\" width=\"495\" height=\"400\"  title='Artboard Copy 2' alt='' srcset=\"https:\/\/cpeccsp.com.ar\/2024\/wp-content\/uploads\/2025\/05\/Artboard-Copy-2-495x400.png 495w, https:\/\/cpeccsp.com.ar\/2024\/wp-content\/uploads\/2025\/05\/Artboard-Copy-2-845x684.png 845w\" sizes=\"(max-width: 495px) 100vw, 495px\" \/><div class='big-prev-fake'><img decoding=\"async\" loading=\"lazy\" class=\"wp-image-3894 avia-img-lazy-loading-3894\"  width=\"495\" height=\"400\" src=\"https:\/\/cpeccsp.com.ar\/2024\/wp-content\/uploads\/2025\/05\/Artboard-Copy-2-495x400.png\" title='Artboard Copy 2' alt='' srcset=\"https:\/\/cpeccsp.com.ar\/2024\/wp-content\/uploads\/2025\/05\/Artboard-Copy-2-495x400.png 495w, https:\/\/cpeccsp.com.ar\/2024\/wp-content\/uploads\/2025\/05\/Artboard-Copy-2-845x684.png 845w\" sizes=\"auto, (max-width: 495px) 100vw, 495px\" \/><\/div><\/a><a href=\"https:\/\/cpeccsp.com.ar\/2024\/wp-content\/uploads\/2025\/05\/Artboard-Copy-3-579x1030.png\" data-srcset=\"https:\/\/cpeccsp.com.ar\/2024\/wp-content\/uploads\/2025\/05\/Artboard-Copy-3-579x1030.png 579w, https:\/\/cpeccsp.com.ar\/2024\/wp-content\/uploads\/2025\/05\/Artboard-Copy-3-169x300.png 169w, https:\/\/cpeccsp.com.ar\/2024\/wp-content\/uploads\/2025\/05\/Artboard-Copy-3-768x1365.png 768w, https:\/\/cpeccsp.com.ar\/2024\/wp-content\/uploads\/2025\/05\/Artboard-Copy-3-864x1536.png 864w, https:\/\/cpeccsp.com.ar\/2024\/wp-content\/uploads\/2025\/05\/Artboard-Copy-3-844x1500.png 844w, https:\/\/cpeccsp.com.ar\/2024\/wp-content\/uploads\/2025\/05\/Artboard-Copy-3-397x705.png 397w, https:\/\/cpeccsp.com.ar\/2024\/wp-content\/uploads\/2025\/05\/Artboard-Copy-3.png 1080w\" data-sizes=\"(max-width: 579px) 100vw, 579px\" data-rel='gallery-1' data-prev-img='https:\/\/cpeccsp.com.ar\/2024\/wp-content\/uploads\/2025\/05\/Artboard-Copy-3-495x400.png' class='lightbox ' data-onclick='2' title='Artboard Copy 3'  itemprop=\"thumbnailUrl\"  ><img decoding=\"async\" fetchpriority=\"high\" class=\"wp-image-3895 avia-img-lazy-loading-not-3895\"   src=\"https:\/\/cpeccsp.com.ar\/2024\/wp-content\/uploads\/2025\/05\/Artboard-Copy-3-495x400.png\" width=\"495\" height=\"400\"  title='Artboard Copy 3' alt='' srcset=\"https:\/\/cpeccsp.com.ar\/2024\/wp-content\/uploads\/2025\/05\/Artboard-Copy-3-495x400.png 495w, https:\/\/cpeccsp.com.ar\/2024\/wp-content\/uploads\/2025\/05\/Artboard-Copy-3-845x684.png 845w\" sizes=\"(max-width: 495px) 100vw, 495px\" \/><div class='big-prev-fake'><img decoding=\"async\" loading=\"lazy\" class=\"wp-image-3895 avia-img-lazy-loading-3895\"  width=\"495\" height=\"400\" src=\"https:\/\/cpeccsp.com.ar\/2024\/wp-content\/uploads\/2025\/05\/Artboard-Copy-3-495x400.png\" title='Artboard Copy 3' alt='' srcset=\"https:\/\/cpeccsp.com.ar\/2024\/wp-content\/uploads\/2025\/05\/Artboard-Copy-3-495x400.png 495w, https:\/\/cpeccsp.com.ar\/2024\/wp-content\/uploads\/2025\/05\/Artboard-Copy-3-845x684.png 845w\" sizes=\"auto, (max-width: 495px) 100vw, 495px\" \/><\/div><\/a><a href=\"https:\/\/cpeccsp.com.ar\/2024\/wp-content\/uploads\/2025\/05\/Artboard-Copy-4-579x1030.png\" data-srcset=\"https:\/\/cpeccsp.com.ar\/2024\/wp-content\/uploads\/2025\/05\/Artboard-Copy-4-579x1030.png 579w, https:\/\/cpeccsp.com.ar\/2024\/wp-content\/uploads\/2025\/05\/Artboard-Copy-4-169x300.png 169w, https:\/\/cpeccsp.com.ar\/2024\/wp-content\/uploads\/2025\/05\/Artboard-Copy-4-768x1365.png 768w, https:\/\/cpeccsp.com.ar\/2024\/wp-content\/uploads\/2025\/05\/Artboard-Copy-4-864x1536.png 864w, https:\/\/cpeccsp.com.ar\/2024\/wp-content\/uploads\/2025\/05\/Artboard-Copy-4-844x1500.png 844w, https:\/\/cpeccsp.com.ar\/2024\/wp-content\/uploads\/2025\/05\/Artboard-Copy-4-397x705.png 397w, https:\/\/cpeccsp.com.ar\/2024\/wp-content\/uploads\/2025\/05\/Artboard-Copy-4.png 1080w\" data-sizes=\"(max-width: 579px) 100vw, 579px\" data-rel='gallery-1' data-prev-img='https:\/\/cpeccsp.com.ar\/2024\/wp-content\/uploads\/2025\/05\/Artboard-Copy-4-495x400.png' class='lightbox ' data-onclick='3' title='Artboard Copy 4'  itemprop=\"thumbnailUrl\"  ><img decoding=\"async\" fetchpriority=\"high\" class=\"wp-image-3896 avia-img-lazy-loading-not-3896\"   src=\"https:\/\/cpeccsp.com.ar\/2024\/wp-content\/uploads\/2025\/05\/Artboard-Copy-4-495x400.png\" width=\"495\" height=\"400\"  title='Artboard Copy 4' alt='' srcset=\"https:\/\/cpeccsp.com.ar\/2024\/wp-content\/uploads\/2025\/05\/Artboard-Copy-4-495x400.png 495w, https:\/\/cpeccsp.com.ar\/2024\/wp-content\/uploads\/2025\/05\/Artboard-Copy-4-845x684.png 845w\" sizes=\"(max-width: 495px) 100vw, 495px\" \/><div class='big-prev-fake'><img decoding=\"async\" loading=\"lazy\" class=\"wp-image-3896 avia-img-lazy-loading-3896\"  width=\"495\" height=\"400\" src=\"https:\/\/cpeccsp.com.ar\/2024\/wp-content\/uploads\/2025\/05\/Artboard-Copy-4-495x400.png\" title='Artboard Copy 4' alt='' srcset=\"https:\/\/cpeccsp.com.ar\/2024\/wp-content\/uploads\/2025\/05\/Artboard-Copy-4-495x400.png 495w, https:\/\/cpeccsp.com.ar\/2024\/wp-content\/uploads\/2025\/05\/Artboard-Copy-4-845x684.png 845w\" sizes=\"auto, (max-width: 495px) 100vw, 495px\" \/><\/div><\/a><a href=\"https:\/\/cpeccsp.com.ar\/2024\/wp-content\/uploads\/2025\/05\/Artboard-Copy-579x1030.png\" data-srcset=\"https:\/\/cpeccsp.com.ar\/2024\/wp-content\/uploads\/2025\/05\/Artboard-Copy-579x1030.png 579w, https:\/\/cpeccsp.com.ar\/2024\/wp-content\/uploads\/2025\/05\/Artboard-Copy-169x300.png 169w, https:\/\/cpeccsp.com.ar\/2024\/wp-content\/uploads\/2025\/05\/Artboard-Copy-768x1365.png 768w, https:\/\/cpeccsp.com.ar\/2024\/wp-content\/uploads\/2025\/05\/Artboard-Copy-864x1536.png 864w, https:\/\/cpeccsp.com.ar\/2024\/wp-content\/uploads\/2025\/05\/Artboard-Copy-844x1500.png 844w, https:\/\/cpeccsp.com.ar\/2024\/wp-content\/uploads\/2025\/05\/Artboard-Copy-397x705.png 397w, https:\/\/cpeccsp.com.ar\/2024\/wp-content\/uploads\/2025\/05\/Artboard-Copy.png 1080w\" data-sizes=\"(max-width: 579px) 100vw, 579px\" data-rel='gallery-1' data-prev-img='https:\/\/cpeccsp.com.ar\/2024\/wp-content\/uploads\/2025\/05\/Artboard-Copy-495x400.png' class='lightbox ' data-onclick='4' title='Artboard Copy'  itemprop=\"thumbnailUrl\"  ><img decoding=\"async\" fetchpriority=\"high\" class=\"wp-image-3897 avia-img-lazy-loading-not-3897\"   src=\"https:\/\/cpeccsp.com.ar\/2024\/wp-content\/uploads\/2025\/05\/Artboard-Copy-495x400.png\" width=\"495\" height=\"400\"  title='Artboard Copy' alt='' srcset=\"https:\/\/cpeccsp.com.ar\/2024\/wp-content\/uploads\/2025\/05\/Artboard-Copy-495x400.png 495w, https:\/\/cpeccsp.com.ar\/2024\/wp-content\/uploads\/2025\/05\/Artboard-Copy-845x684.png 845w\" sizes=\"(max-width: 495px) 100vw, 495px\" \/><div class='big-prev-fake'><img decoding=\"async\" loading=\"lazy\" class=\"wp-image-3897 avia-img-lazy-loading-3897\"  width=\"495\" height=\"400\" src=\"https:\/\/cpeccsp.com.ar\/2024\/wp-content\/uploads\/2025\/05\/Artboard-Copy-495x400.png\" title='Artboard Copy' alt='' srcset=\"https:\/\/cpeccsp.com.ar\/2024\/wp-content\/uploads\/2025\/05\/Artboard-Copy-495x400.png 495w, https:\/\/cpeccsp.com.ar\/2024\/wp-content\/uploads\/2025\/05\/Artboard-Copy-845x684.png 845w\" sizes=\"auto, (max-width: 495px) 100vw, 495px\" \/><\/div><\/a><a href=\"https:\/\/cpeccsp.com.ar\/2024\/wp-content\/uploads\/2025\/05\/Artboard-579x1030.png\" data-srcset=\"https:\/\/cpeccsp.com.ar\/2024\/wp-content\/uploads\/2025\/05\/Artboard-579x1030.png 579w, https:\/\/cpeccsp.com.ar\/2024\/wp-content\/uploads\/2025\/05\/Artboard-169x300.png 169w, https:\/\/cpeccsp.com.ar\/2024\/wp-content\/uploads\/2025\/05\/Artboard-768x1365.png 768w, https:\/\/cpeccsp.com.ar\/2024\/wp-content\/uploads\/2025\/05\/Artboard-864x1536.png 864w, https:\/\/cpeccsp.com.ar\/2024\/wp-content\/uploads\/2025\/05\/Artboard-844x1500.png 844w, https:\/\/cpeccsp.com.ar\/2024\/wp-content\/uploads\/2025\/05\/Artboard-397x705.png 397w, https:\/\/cpeccsp.com.ar\/2024\/wp-content\/uploads\/2025\/05\/Artboard.png 1080w\" data-sizes=\"(max-width: 579px) 100vw, 579px\" data-rel='gallery-1' data-prev-img='https:\/\/cpeccsp.com.ar\/2024\/wp-content\/uploads\/2025\/05\/Artboard-495x400.png' class='lightbox ' data-onclick='5' title='Artboard'  itemprop=\"thumbnailUrl\"  ><img decoding=\"async\" fetchpriority=\"high\" class=\"wp-image-3898 avia-img-lazy-loading-not-3898\"   src=\"https:\/\/cpeccsp.com.ar\/2024\/wp-content\/uploads\/2025\/05\/Artboard-495x400.png\" width=\"495\" height=\"400\"  title='Artboard' alt='' srcset=\"https:\/\/cpeccsp.com.ar\/2024\/wp-content\/uploads\/2025\/05\/Artboard-495x400.png 495w, https:\/\/cpeccsp.com.ar\/2024\/wp-content\/uploads\/2025\/05\/Artboard-845x684.png 845w\" sizes=\"(max-width: 495px) 100vw, 495px\" \/><div class='big-prev-fake'><img decoding=\"async\" loading=\"lazy\" class=\"wp-image-3898 avia-img-lazy-loading-3898\"  width=\"495\" height=\"400\" src=\"https:\/\/cpeccsp.com.ar\/2024\/wp-content\/uploads\/2025\/05\/Artboard-495x400.png\" title='Artboard' alt='' srcset=\"https:\/\/cpeccsp.com.ar\/2024\/wp-content\/uploads\/2025\/05\/Artboard-495x400.png 495w, https:\/\/cpeccsp.com.ar\/2024\/wp-content\/uploads\/2025\/05\/Artboard-845x684.png 845w\" sizes=\"auto, (max-width: 495px) 100vw, 495px\" \/><\/div><\/a><\/div><\/div><\/div><\/p>\n","protected":false},"excerpt":{"rendered":"","protected":false},"author":2,"featured_media":0,"parent":25,"menu_order":0,"comment_status":"closed","ping_status":"closed","template":"","meta":{"footnotes":""},"class_list":["post-142","page","type-page","status-publish","hentry"],"yoast_head":"<!-- This site is optimized with the Yoast SEO plugin v27.5 - https:\/\/yoast.com\/product\/yoast-seo-wordpress\/ -->\n<title>Rental de Equipos de Seguridad Industrial en Neuqu\u00e9n | CPEC<\/title>\n<meta name=\"description\" content=\"Rental de equipos de seguridad industrial en Neuqu\u00e9n. Alquiler de EPP y sistemas para trabajos en altura, espacios confinados y tareas de riesgo con respaldo t\u00e9cnico.\" \/>\n<meta name=\"robots\" content=\"index, follow, max-snippet:-1, max-image-preview:large, max-video-preview:-1\" \/>\n<link rel=\"canonical\" href=\"https:\/\/cpeccsp.com.ar\/2024\/servicios\/rental-de-equipos\/\" \/>\n<meta property=\"og:locale\" content=\"es_ES\" \/>\n<meta property=\"og:type\" content=\"article\" \/>\n<meta property=\"og:title\" content=\"Rental de Equipos de Seguridad Industrial en Neuqu\u00e9n | CPEC\" \/>\n<meta property=\"og:description\" content=\"Rental de equipos de seguridad industrial en Neuqu\u00e9n. Alquiler de EPP y sistemas para trabajos en altura, espacios confinados y tareas de riesgo con respaldo t\u00e9cnico.\" \/>\n<meta property=\"og:url\" content=\"https:\/\/cpeccsp.com.ar\/2024\/servicios\/rental-de-equipos\/\" \/>\n<meta property=\"og:site_name\" content=\"CPEC\" \/>\n<meta property=\"article:modified_time\" content=\"2026-04-24T18:22:44+00:00\" \/>\n<meta name=\"twitter:card\" content=\"summary_large_image\" \/>\n<meta name=\"twitter:label1\" content=\"Tiempo de lectura\" \/>\n\t<meta name=\"twitter:data1\" content=\"3 minutos\" \/>\n<script type=\"application\/ld+json\" class=\"yoast-schema-graph\">{\"@context\":\"https:\\\/\\\/schema.org\",\"@graph\":[{\"@type\":\"WebPage\",\"@id\":\"https:\\\/\\\/cpeccsp.com.ar\\\/2024\\\/servicios\\\/rental-de-equipos\\\/\",\"url\":\"https:\\\/\\\/cpeccsp.com.ar\\\/2024\\\/servicios\\\/rental-de-equipos\\\/\",\"name\":\"Rental de Equipos de Seguridad Industrial en Neuqu\u00e9n | CPEC\",\"isPartOf\":{\"@id\":\"https:\\\/\\\/cpeccsp.com.ar\\\/2024\\\/#website\"},\"datePublished\":\"2015-10-22T15:32:34+00:00\",\"dateModified\":\"2026-04-24T18:22:44+00:00\",\"description\":\"Rental de equipos de seguridad industrial en Neuqu\u00e9n. Alquiler de EPP y sistemas para trabajos en altura, espacios confinados y tareas de riesgo con respaldo t\u00e9cnico.\",\"breadcrumb\":{\"@id\":\"https:\\\/\\\/cpeccsp.com.ar\\\/2024\\\/servicios\\\/rental-de-equipos\\\/#breadcrumb\"},\"inLanguage\":\"es\",\"potentialAction\":[{\"@type\":\"ReadAction\",\"target\":[\"https:\\\/\\\/cpeccsp.com.ar\\\/2024\\\/servicios\\\/rental-de-equipos\\\/\"]}]},{\"@type\":\"BreadcrumbList\",\"@id\":\"https:\\\/\\\/cpeccsp.com.ar\\\/2024\\\/servicios\\\/rental-de-equipos\\\/#breadcrumb\",\"itemListElement\":[{\"@type\":\"ListItem\",\"position\":1,\"name\":\"Portada\",\"item\":\"https:\\\/\\\/cpeccsp.com.ar\\\/2024\\\/inicio\\\/\"},{\"@type\":\"ListItem\",\"position\":2,\"name\":\"SERVICIOS\",\"item\":\"https:\\\/\\\/cpeccsp.com.ar\\\/2024\\\/servicios\\\/\"},{\"@type\":\"ListItem\",\"position\":3,\"name\":\"Rental de equipos\"}]},{\"@type\":\"WebSite\",\"@id\":\"https:\\\/\\\/cpeccsp.com.ar\\\/2024\\\/#website\",\"url\":\"https:\\\/\\\/cpeccsp.com.ar\\\/2024\\\/\",\"name\":\"CPEC\",\"description\":\"CPEC- L\u00edderes en capacitaciones en seguridad para la cuenca neuquina\",\"potentialAction\":[{\"@type\":\"SearchAction\",\"target\":{\"@type\":\"EntryPoint\",\"urlTemplate\":\"https:\\\/\\\/cpeccsp.com.ar\\\/2024\\\/?s={search_term_string}\"},\"query-input\":{\"@type\":\"PropertyValueSpecification\",\"valueRequired\":true,\"valueName\":\"search_term_string\"}}],\"inLanguage\":\"es\"}]}<\/script>\n<!-- \/ Yoast SEO plugin. -->","yoast_head_json":{"title":"Rental de Equipos de Seguridad Industrial en Neuqu\u00e9n | CPEC","description":"Rental de equipos de seguridad industrial en Neuqu\u00e9n. Alquiler de EPP y sistemas para trabajos en altura, espacios confinados y tareas de riesgo con respaldo t\u00e9cnico.","robots":{"index":"index","follow":"follow","max-snippet":"max-snippet:-1","max-image-preview":"max-image-preview:large","max-video-preview":"max-video-preview:-1"},"canonical":"https:\/\/cpeccsp.com.ar\/2024\/servicios\/rental-de-equipos\/","og_locale":"es_ES","og_type":"article","og_title":"Rental de Equipos de Seguridad Industrial en Neuqu\u00e9n | CPEC","og_description":"Rental de equipos de seguridad industrial en Neuqu\u00e9n. Alquiler de EPP y sistemas para trabajos en altura, espacios confinados y tareas de riesgo con respaldo t\u00e9cnico.","og_url":"https:\/\/cpeccsp.com.ar\/2024\/servicios\/rental-de-equipos\/","og_site_name":"CPEC","article_modified_time":"2026-04-24T18:22:44+00:00","twitter_card":"summary_large_image","twitter_misc":{"Tiempo de lectura":"3 minutos"},"schema":{"@context":"https:\/\/schema.org","@graph":[{"@type":"WebPage","@id":"https:\/\/cpeccsp.com.ar\/2024\/servicios\/rental-de-equipos\/","url":"https:\/\/cpeccsp.com.ar\/2024\/servicios\/rental-de-equipos\/","name":"Rental de Equipos de Seguridad Industrial en Neuqu\u00e9n | CPEC","isPartOf":{"@id":"https:\/\/cpeccsp.com.ar\/2024\/#website"},"datePublished":"2015-10-22T15:32:34+00:00","dateModified":"2026-04-24T18:22:44+00:00","description":"Rental de equipos de seguridad industrial en Neuqu\u00e9n. Alquiler de EPP y sistemas para trabajos en altura, espacios confinados y tareas de riesgo con respaldo t\u00e9cnico.","breadcrumb":{"@id":"https:\/\/cpeccsp.com.ar\/2024\/servicios\/rental-de-equipos\/#breadcrumb"},"inLanguage":"es","potentialAction":[{"@type":"ReadAction","target":["https:\/\/cpeccsp.com.ar\/2024\/servicios\/rental-de-equipos\/"]}]},{"@type":"BreadcrumbList","@id":"https:\/\/cpeccsp.com.ar\/2024\/servicios\/rental-de-equipos\/#breadcrumb","itemListElement":[{"@type":"ListItem","position":1,"name":"Portada","item":"https:\/\/cpeccsp.com.ar\/2024\/inicio\/"},{"@type":"ListItem","position":2,"name":"SERVICIOS","item":"https:\/\/cpeccsp.com.ar\/2024\/servicios\/"},{"@type":"ListItem","position":3,"name":"Rental de equipos"}]},{"@type":"WebSite","@id":"https:\/\/cpeccsp.com.ar\/2024\/#website","url":"https:\/\/cpeccsp.com.ar\/2024\/","name":"CPEC","description":"CPEC- L\u00edderes en capacitaciones en seguridad para la cuenca neuquina","potentialAction":[{"@type":"SearchAction","target":{"@type":"EntryPoint","urlTemplate":"https:\/\/cpeccsp.com.ar\/2024\/?s={search_term_string}"},"query-input":{"@type":"PropertyValueSpecification","valueRequired":true,"valueName":"search_term_string"}}],"inLanguage":"es"}]}},"_links":{"self":[{"href":"https:\/\/cpeccsp.com.ar\/2024\/wp-json\/wp\/v2\/pages\/142","targetHints":{"allow":["GET"]}}],"collection":[{"href":"https:\/\/cpeccsp.com.ar\/2024\/wp-json\/wp\/v2\/pages"}],"about":[{"href":"https:\/\/cpeccsp.com.ar\/2024\/wp-json\/wp\/v2\/types\/page"}],"author":[{"embeddable":true,"href":"https:\/\/cpeccsp.com.ar\/2024\/wp-json\/wp\/v2\/users\/2"}],"replies":[{"embeddable":true,"href":"https:\/\/cpeccsp.com.ar\/2024\/wp-json\/wp\/v2\/comments?post=142"}],"version-history":[{"count":5,"href":"https:\/\/cpeccsp.com.ar\/2024\/wp-json\/wp\/v2\/pages\/142\/revisions"}],"predecessor-version":[{"id":3966,"href":"https:\/\/cpeccsp.com.ar\/2024\/wp-json\/wp\/v2\/pages\/142\/revisions\/3966"}],"up":[{"embeddable":true,"href":"https:\/\/cpeccsp.com.ar\/2024\/wp-json\/wp\/v2\/pages\/25"}],"wp:attachment":[{"href":"https:\/\/cpeccsp.com.ar\/2024\/wp-json\/wp\/v2\/media?parent=142"}],"curies":[{"name":"wp","href":"https:\/\/api.w.org\/{rel}","templated":true}]}}