{"id":4165,"date":"2025-07-03T23:42:24","date_gmt":"2025-07-03T23:42:24","guid":{"rendered":"https:\/\/cpeccsp.com.ar\/2024\/?page_id=4165"},"modified":"2026-04-24T18:10:58","modified_gmt":"2026-04-24T18:10:58","slug":"academia-digital","status":"publish","type":"page","link":"https:\/\/cpeccsp.com.ar\/2024\/academia-digital\/","title":{"rendered":"ACADEMIA DIGITAL"},"content":{"rendered":"<div id='av_section_1'  class='avia-section av-qazw1k-60f80e0976bc72c0c0dec552e0bc5b46 alternate_color avia-section-default avia-no-shadow  avia-builder-el-0  el_before_av_one_full  avia-builder-el-first  avia-bg-style-scroll container_wrap sidebar_right'  ><div class='container av-section-cont-open' ><main  role=\"main\" itemprop=\"mainContentOfPage\"  class='template-page content  av-content-small alpha units'><div class='post-entry post-entry-type-page post-entry-4165'><div class='entry-content-wrapper clearfix'>\n\n<style type=\"text\/css\" data-created_by=\"avia_inline_auto\" id=\"style-css-av-maoiuib3-7487dfa74b12c46f6bb1fec52c13763d\">\n.av_font_icon.av-maoiuib3-7487dfa74b12c46f6bb1fec52c13763d .av-icon-char{\nfont-size:40px;\nline-height:40px;\n}\n<\/style>\n<span  class='av_font_icon av-maoiuib3-7487dfa74b12c46f6bb1fec52c13763d avia_animate_when_visible av-icon-style- avia-icon-pos-left av-no-color avia-icon-animate'><span class='av-icon-char' aria-hidden='true' data-av_icon='\ue836' data-av_iconfont='entypo-fontello' ><\/span><\/span>\n<div  class='hr av-mgne7c-25a15dd0e2a4052089bf4b34d8157d17 hr-short  avia-builder-el-2  el_after_av_font_icon  el_before_av_textblock  hr-center'><span class='hr-inner '><span class=\"hr-inner-style\"><\/span><\/span><\/div>\n\n<style type=\"text\/css\" data-created_by=\"avia_inline_auto\" id=\"style-css-av-nh64g8-fd5692b3aa84ae218bf38b537d470098\">\n#top .av_textblock_section.av-nh64g8-fd5692b3aa84ae218bf38b537d470098 .avia_textblock{\nfont-size:18px;\n}\n<\/style>\n<section  class='av_textblock_section av-nh64g8-fd5692b3aa84ae218bf38b537d470098 '   itemscope=\"itemscope\" itemtype=\"https:\/\/schema.org\/CreativeWork\" ><div class='avia_textblock'  itemprop=\"text\" ><h2 style=\"text-align: center;\"><strong>Ingres\u00e1 a nuestra Academia Digital<\/strong><\/h2>\n<p style=\"text-align: center;\">\n<\/div><\/section>\n<div  class='hr av-3wy6p4-ea053c19e99ac23d701dd850ef317910 hr-short  avia-builder-el-4  el_after_av_textblock  el_before_av_one_full  hr-center'><span class='hr-inner '><span class=\"hr-inner-style\"><\/span><\/span><\/div>\n<div  class='flex_column av-l2u20o-370bbbc0681427c8893023f07286a161 av_one_full  avia-builder-el-5  el_after_av_hr  avia-builder-el-last  first flex_column_div  '     ><article  class='iconbox iconbox_top av-iynuvs-dd38dff22a2e9534add15dfcfdcfb213  avia-builder-el-6  avia-builder-el-no-sibling  main_color'  itemscope=\"itemscope\" itemtype=\"https:\/\/schema.org\/CreativeWork\" ><div class=\"iconbox_content\"><header class=\"entry-content-header\" aria-label=\"Icon: INGRESO ACADEMIA\"><div class=\"iconbox_icon heading-color\" aria-hidden='true' data-av_icon='\ue84e' data-av_iconfont='entypo-fontello'><\/div><h3 class='iconbox_content_title '  itemprop=\"headline\" >INGRESO ACADEMIA<\/h3><\/header><div class='iconbox_content_container '  itemprop=\"text\" ><p>Hac\u00e9 <a href=\"https:\/\/cpeccsp.online\/login\/index.php\">clic ac\u00e1.<\/a><\/p>\n<p>Si no pod\u00e9s ingresar, escrib\u00ed https:\/\/cpeccsp.online\/login\/index.php en tu navegador.<\/p>\n<\/div><\/div><footer class=\"entry-footer\"><\/footer><\/article><\/div>\n<\/div><\/div><\/main><!-- close content main element --><\/div><\/div><div id='after_section_1'  class='main_color av_default_container_wrap container_wrap sidebar_right'  ><div class='container av-section-cont-open' ><div class='template-page content  av-content-small alpha units'><div class='post-entry post-entry-type-page post-entry-4165'><div class='entry-content-wrapper clearfix'>\n<div  class='flex_column av-6ju93c-b748c277e9c019be7ceefe884ac46067 av_one_full  avia-builder-el-7  el_after_av_section  el_before_av_one_full  avia-builder-el-first  first flex_column_div  '     ><style type=\"text\/css\" data-created_by=\"avia_inline_auto\" id=\"style-css-av-mcfiw1w5-71947cd34b16a43695fe868290d96a5a\">\n#top .av_textblock_section.av-mcfiw1w5-71947cd34b16a43695fe868290d96a5a .avia_textblock{\nfont-size:18px;\n}\n<\/style>\n<section  class='av_textblock_section av-mcfiw1w5-71947cd34b16a43695fe868290d96a5a '   itemscope=\"itemscope\" itemtype=\"https:\/\/schema.org\/CreativeWork\" ><div class='avia_textblock av_inherit_color'  itemprop=\"text\" ><p style=\"text-align: center;\"><b>Si ten\u00e9s dudas, ac\u00e1 pod\u00e9s encontrar c\u00f3mo hacer tu primer ingreso y navegar la p\u00e1gina:<\/b><\/p>\n<p style=\"text-align: center;\">\n<\/div><\/section><\/div>\n<div  class='flex_column av-3orwk8-d1b738f0772543790ea1471f1fd4a1d1 av_one_full  avia-builder-el-9  el_after_av_one_full  avia-builder-el-last  first flex_column_div  column-top-margin'     ><p>\n<style type=\"text\/css\" data-created_by=\"avia_inline_auto\" id=\"style-css-av-mcfjcuta-9c5478818c587a259ced53242ae31dc3\">\n.avia-image-container.av-mcfjcuta-9c5478818c587a259ced53242ae31dc3 img.avia_image{\nbox-shadow:none;\n}\n.avia-image-container.av-mcfjcuta-9c5478818c587a259ced53242ae31dc3 .av-image-caption-overlay-center{\ncolor:#ffffff;\n}\n<\/style>\n<div  class='avia-image-container av-mcfjcuta-9c5478818c587a259ced53242ae31dc3 av-styling- avia-align-center  avia-builder-el-10  el_before_av_hr  avia-builder-el-first '   itemprop=\"image\" itemscope=\"itemscope\" itemtype=\"https:\/\/schema.org\/ImageObject\" ><div class=\"avia-image-container-inner\"><div class=\"avia-image-overlay-wrap\"><img decoding=\"async\" fetchpriority=\"high\" class='wp-image-4167 avia-img-lazy-loading-not-4167 avia_image ' src=\"https:\/\/cpeccsp.com.ar\/2024\/wp-content\/uploads\/2025\/07\/Captura-de-pantalla-2025-07-03-203545.png\" alt='' title='Captura de pantalla 2025-07-03 203545'  height=\"1062\" width=\"1517\"  itemprop=\"thumbnailUrl\" srcset=\"https:\/\/cpeccsp.com.ar\/2024\/wp-content\/uploads\/2025\/07\/Captura-de-pantalla-2025-07-03-203545.png 1517w, https:\/\/cpeccsp.com.ar\/2024\/wp-content\/uploads\/2025\/07\/Captura-de-pantalla-2025-07-03-203545-300x210.png 300w, https:\/\/cpeccsp.com.ar\/2024\/wp-content\/uploads\/2025\/07\/Captura-de-pantalla-2025-07-03-203545-1030x721.png 1030w, https:\/\/cpeccsp.com.ar\/2024\/wp-content\/uploads\/2025\/07\/Captura-de-pantalla-2025-07-03-203545-768x538.png 768w, https:\/\/cpeccsp.com.ar\/2024\/wp-content\/uploads\/2025\/07\/Captura-de-pantalla-2025-07-03-203545-1500x1050.png 1500w, https:\/\/cpeccsp.com.ar\/2024\/wp-content\/uploads\/2025\/07\/Captura-de-pantalla-2025-07-03-203545-705x494.png 705w\" sizes=\"(max-width: 1517px) 100vw, 1517px\" \/><\/div><\/div><\/div><br \/>\n<div  class='hr av-1uj7so-ac2109b3e8142a0a58f3797d61a74882 hr-short  avia-builder-el-11  el_after_av_image  el_before_av_textblock  hr-center'><span class='hr-inner '><span class=\"hr-inner-style\"><\/span><\/span><\/div><br \/>\n\n<style type=\"text\/css\" data-created_by=\"avia_inline_auto\" id=\"style-css-av-mco0v4ha-4cfb3c3fd419421e6578c7d265ab594f\">\n#top .av_textblock_section.av-mco0v4ha-4cfb3c3fd419421e6578c7d265ab594f .avia_textblock{\nfont-size:18px;\n}\n<\/style>\n<section  class='av_textblock_section av-mco0v4ha-4cfb3c3fd419421e6578c7d265ab594f '   itemscope=\"itemscope\" itemtype=\"https:\/\/schema.org\/CreativeWork\" ><div class='avia_textblock av_inherit_color'  itemprop=\"text\" ><p style=\"text-align: center;\"><a href=\"https:\/\/cpeccsp.com.ar\/2024\/wp-content\/uploads\/2025\/07\/TUTORIAL-Ingreso-Cursos-Academia-CPEC-1.pdf\">Descarg\u00e1 el instructivo.<\/a><\/p>\n<\/div><\/section><\/p><\/div>\n","protected":false},"excerpt":{"rendered":"","protected":false},"author":2,"featured_media":0,"parent":0,"menu_order":0,"comment_status":"open","ping_status":"closed","template":"","meta":{"footnotes":""},"class_list":["post-4165","page","type-page","status-publish","hentry"],"yoast_head":"<!-- This site is optimized with the Yoast SEO plugin v27.5 - https:\/\/yoast.com\/product\/yoast-seo-wordpress\/ -->\n<title>Cursos Te\u00f3ricos Oil &amp; Gas | Academia Digital<\/title>\n<meta name=\"description\" content=\"Cursos te\u00f3ricos para la industria Oil &amp; Gas orientados a seguridad, normativa y procedimientos operativos. Formaci\u00f3n t\u00e9cnica para personal de campo y empresas.\" \/>\n<meta name=\"robots\" content=\"index, follow, max-snippet:-1, max-image-preview:large, max-video-preview:-1\" \/>\n<link rel=\"canonical\" href=\"https:\/\/cpeccsp.com.ar\/2024\/academia-digital\/\" \/>\n<meta property=\"og:locale\" content=\"es_ES\" \/>\n<meta property=\"og:type\" content=\"article\" \/>\n<meta property=\"og:title\" content=\"Cursos Te\u00f3ricos Oil &amp; Gas | Academia Digital\" \/>\n<meta property=\"og:description\" content=\"Cursos te\u00f3ricos para la industria Oil &amp; Gas orientados a seguridad, normativa y procedimientos operativos. Formaci\u00f3n t\u00e9cnica para personal de campo y empresas.\" \/>\n<meta property=\"og:url\" content=\"https:\/\/cpeccsp.com.ar\/2024\/academia-digital\/\" \/>\n<meta property=\"og:site_name\" content=\"CPEC\" \/>\n<meta property=\"article:modified_time\" content=\"2026-04-24T18:10:58+00:00\" \/>\n<meta name=\"twitter:card\" content=\"summary_large_image\" \/>\n<meta name=\"twitter:label1\" content=\"Tiempo de lectura\" \/>\n\t<meta name=\"twitter:data1\" content=\"1 minuto\" \/>\n<script type=\"application\/ld+json\" class=\"yoast-schema-graph\">{\"@context\":\"https:\\\/\\\/schema.org\",\"@graph\":[{\"@type\":\"WebPage\",\"@id\":\"https:\\\/\\\/cpeccsp.com.ar\\\/2024\\\/academia-digital\\\/\",\"url\":\"https:\\\/\\\/cpeccsp.com.ar\\\/2024\\\/academia-digital\\\/\",\"name\":\"Cursos Te\u00f3ricos Oil & Gas | Academia Digital\",\"isPartOf\":{\"@id\":\"https:\\\/\\\/cpeccsp.com.ar\\\/2024\\\/#website\"},\"datePublished\":\"2025-07-03T23:42:24+00:00\",\"dateModified\":\"2026-04-24T18:10:58+00:00\",\"description\":\"Cursos te\u00f3ricos para la industria Oil & Gas orientados a seguridad, normativa y procedimientos operativos. Formaci\u00f3n t\u00e9cnica para personal de campo y empresas.\",\"breadcrumb\":{\"@id\":\"https:\\\/\\\/cpeccsp.com.ar\\\/2024\\\/academia-digital\\\/#breadcrumb\"},\"inLanguage\":\"es\",\"potentialAction\":[{\"@type\":\"ReadAction\",\"target\":[\"https:\\\/\\\/cpeccsp.com.ar\\\/2024\\\/academia-digital\\\/\"]}]},{\"@type\":\"BreadcrumbList\",\"@id\":\"https:\\\/\\\/cpeccsp.com.ar\\\/2024\\\/academia-digital\\\/#breadcrumb\",\"itemListElement\":[{\"@type\":\"ListItem\",\"position\":1,\"name\":\"Portada\",\"item\":\"https:\\\/\\\/cpeccsp.com.ar\\\/2024\\\/inicio\\\/\"},{\"@type\":\"ListItem\",\"position\":2,\"name\":\"ACADEMIA DIGITAL\"}]},{\"@type\":\"WebSite\",\"@id\":\"https:\\\/\\\/cpeccsp.com.ar\\\/2024\\\/#website\",\"url\":\"https:\\\/\\\/cpeccsp.com.ar\\\/2024\\\/\",\"name\":\"CPEC\",\"description\":\"CPEC- L\u00edderes en capacitaciones en seguridad para la cuenca neuquina\",\"potentialAction\":[{\"@type\":\"SearchAction\",\"target\":{\"@type\":\"EntryPoint\",\"urlTemplate\":\"https:\\\/\\\/cpeccsp.com.ar\\\/2024\\\/?s={search_term_string}\"},\"query-input\":{\"@type\":\"PropertyValueSpecification\",\"valueRequired\":true,\"valueName\":\"search_term_string\"}}],\"inLanguage\":\"es\"}]}<\/script>\n<!-- \/ Yoast SEO plugin. -->","yoast_head_json":{"title":"Cursos Te\u00f3ricos Oil & Gas | Academia Digital","description":"Cursos te\u00f3ricos para la industria Oil & Gas orientados a seguridad, normativa y procedimientos operativos. Formaci\u00f3n t\u00e9cnica para personal de campo y empresas.","robots":{"index":"index","follow":"follow","max-snippet":"max-snippet:-1","max-image-preview":"max-image-preview:large","max-video-preview":"max-video-preview:-1"},"canonical":"https:\/\/cpeccsp.com.ar\/2024\/academia-digital\/","og_locale":"es_ES","og_type":"article","og_title":"Cursos Te\u00f3ricos Oil & Gas | Academia Digital","og_description":"Cursos te\u00f3ricos para la industria Oil & Gas orientados a seguridad, normativa y procedimientos operativos. Formaci\u00f3n t\u00e9cnica para personal de campo y empresas.","og_url":"https:\/\/cpeccsp.com.ar\/2024\/academia-digital\/","og_site_name":"CPEC","article_modified_time":"2026-04-24T18:10:58+00:00","twitter_card":"summary_large_image","twitter_misc":{"Tiempo de lectura":"1 minuto"},"schema":{"@context":"https:\/\/schema.org","@graph":[{"@type":"WebPage","@id":"https:\/\/cpeccsp.com.ar\/2024\/academia-digital\/","url":"https:\/\/cpeccsp.com.ar\/2024\/academia-digital\/","name":"Cursos Te\u00f3ricos Oil & Gas | Academia Digital","isPartOf":{"@id":"https:\/\/cpeccsp.com.ar\/2024\/#website"},"datePublished":"2025-07-03T23:42:24+00:00","dateModified":"2026-04-24T18:10:58+00:00","description":"Cursos te\u00f3ricos para la industria Oil & Gas orientados a seguridad, normativa y procedimientos operativos. Formaci\u00f3n t\u00e9cnica para personal de campo y empresas.","breadcrumb":{"@id":"https:\/\/cpeccsp.com.ar\/2024\/academia-digital\/#breadcrumb"},"inLanguage":"es","potentialAction":[{"@type":"ReadAction","target":["https:\/\/cpeccsp.com.ar\/2024\/academia-digital\/"]}]},{"@type":"BreadcrumbList","@id":"https:\/\/cpeccsp.com.ar\/2024\/academia-digital\/#breadcrumb","itemListElement":[{"@type":"ListItem","position":1,"name":"Portada","item":"https:\/\/cpeccsp.com.ar\/2024\/inicio\/"},{"@type":"ListItem","position":2,"name":"ACADEMIA DIGITAL"}]},{"@type":"WebSite","@id":"https:\/\/cpeccsp.com.ar\/2024\/#website","url":"https:\/\/cpeccsp.com.ar\/2024\/","name":"CPEC","description":"CPEC- L\u00edderes en capacitaciones en seguridad para la cuenca neuquina","potentialAction":[{"@type":"SearchAction","target":{"@type":"EntryPoint","urlTemplate":"https:\/\/cpeccsp.com.ar\/2024\/?s={search_term_string}"},"query-input":{"@type":"PropertyValueSpecification","valueRequired":true,"valueName":"search_term_string"}}],"inLanguage":"es"}]}},"_links":{"self":[{"href":"https:\/\/cpeccsp.com.ar\/2024\/wp-json\/wp\/v2\/pages\/4165","targetHints":{"allow":["GET"]}}],"collection":[{"href":"https:\/\/cpeccsp.com.ar\/2024\/wp-json\/wp\/v2\/pages"}],"about":[{"href":"https:\/\/cpeccsp.com.ar\/2024\/wp-json\/wp\/v2\/types\/page"}],"author":[{"embeddable":true,"href":"https:\/\/cpeccsp.com.ar\/2024\/wp-json\/wp\/v2\/users\/2"}],"replies":[{"embeddable":true,"href":"https:\/\/cpeccsp.com.ar\/2024\/wp-json\/wp\/v2\/comments?post=4165"}],"version-history":[{"count":3,"href":"https:\/\/cpeccsp.com.ar\/2024\/wp-json\/wp\/v2\/pages\/4165\/revisions"}],"predecessor-version":[{"id":4170,"href":"https:\/\/cpeccsp.com.ar\/2024\/wp-json\/wp\/v2\/pages\/4165\/revisions\/4170"}],"wp:attachment":[{"href":"https:\/\/cpeccsp.com.ar\/2024\/wp-json\/wp\/v2\/media?parent=4165"}],"curies":[{"name":"wp","href":"https:\/\/api.w.org\/{rel}","templated":true}]}}